{"id":415,"date":"2015-11-17T04:19:36","date_gmt":"2015-11-17T04:19:36","guid":{"rendered":"http:\/\/cdn.logistics.stylemixthemes.com\/demo\/?page_id=415"},"modified":"2022-09-14T08:49:12","modified_gmt":"2022-09-14T08:49:12","slug":"o-nama","status":"publish","type":"page","link":"https:\/\/www.jadroagent.hr\/hr\/o-nama\/","title":{"rendered":"O nama"},"content":{"rendered":"<p>[vc_row full_width=&#8221;stretch_row&#8221; css=&#8221;.vc_custom_1473096237705{margin-bottom: 30px !important;background-color: #f2f2f2 !important;}&#8221;][vc_column width=&#8221;1\/2&#8243;][vc_column_text css=&#8221;.vc_custom_1580991893878{padding-top: 25px !important;padding-bottom: 25px !important;}&#8221;]<\/p>\n<h2>Jadroagent<\/h2>\n<h3 style=\"border-top: none;\">Me\u0111unarodna pomorska i prometna\u00a0agencija DD &#8211; Rijeka<\/h3>\n<p><span style=\"font-size: 22px;\">Jadroagent je dioni\u010dko dru\u0161tvo uvr\u0161teno na Zagreba\u010dkoj burzi ( JDGT-R-A)<\/span>[\/vc_column_text][\/vc_column][vc_column width=&#8221;1\/2&#8243;][vc_single_image image=&#8221;1449&#8243; img_size=&#8221;full&#8221; css=&#8221;.vc_custom_1483445626030{margin-top: 30px !important;}&#8221;][\/vc_column][\/vc_row][vc_row full_width=&#8221;stretch_row&#8221; css=&#8221;.vc_custom_1483446323605{margin-bottom: 0px !important;padding-top: 10px !important;padding-bottom: 10px !important;}&#8221;][vc_column][vc_column_text css=&#8221;.vc_custom_1486214251638{margin-bottom: 30px !important;}&#8221;]Punih 70 godina povijesti i tradicije koje su iza nas (dru\u0161tvo je osnovano 20. sije\u010dnja 1947), daje nam sna\u017ean osje\u0107aj du\u017enosti da odr\u017eimo vode\u0107u poziciju me\u0111u hrvatskim pomorskim i otpremni\u010dkim agencijama te da na najbolji mogu\u0107i na\u010din upravljamo rastom i razvojem tvrtke na dinami\u010dnom podru\u010dju me\u0111unarodnog pomorstva i prijevoza. Svjesni smo da na\u0161 sada\u0161nji na\u010din rada, na\u0161e vizije i na\u0161i sada\u0161nji postupci odre\u0111uju na\u0161 smjer i napredak u desetlje\u0107ima koja dolaze.[\/vc_column_text][\/vc_column][\/vc_row][vc_row full_width=&#8221;stretch_row&#8221; css=&#8221;.vc_custom_1483447654582{padding-top: 25px !important;padding-bottom: 35px !important;background-color: #183650 !important;}&#8221;][vc_column][vc_custom_heading text=&#8221;NA\u0160A MISIJA&#8221; font_container=&#8221;tag:h3|text_align:left|color:%23ffffff&#8221; use_theme_fonts=&#8221;yes&#8221;][\/vc_column][\/vc_row][vc_row full_width=&#8221;stretch_row&#8221; css=&#8221;.vc_custom_1483446493944{margin-bottom: 0px !important;border-bottom-width: 30px !important;padding-top: 30px !important;background-color: #f2f2f2 !important;}&#8221;][vc_column][vc_column_text css=&#8221;.vc_custom_1570001475589{margin-bottom: 30px !important;}&#8221;]Na\u0161a misija je pru\u017eiti profesionalnu i kvalitetnu uslugu, te konkurentnu cijenu u svim na\u0161im aktivnostima:<\/p>\n<ul>\n<li>Usluge prihvata i otpreme brodova uklju\u010duju\u0107i popratne usluge u svim hrvatskim lukama<\/li>\n<li>Otpremni\u0161tvo, multimodalni prijevoz, logisti\u010dke usluge i carinjenje<\/li>\n<li>Posredovanje u zaklju\u010divanju brodova\/tereta i opskrbi brodova gorivom<\/li>\n<\/ul>\n<p>[\/vc_column_text][\/vc_column][\/vc_row][vc_row full_width=&#8221;stretch_row&#8221; css=&#8221;.vc_custom_1483447654582{padding-top: 25px !important;padding-bottom: 35px !important;background-color: #183650 !important;}&#8221;][vc_column][vc_custom_heading text=&#8221;NA\u0160A VIZIJA&#8221; font_container=&#8221;tag:h3|text_align:left|color:%23ffffff&#8221; use_theme_fonts=&#8221;yes&#8221;][\/vc_column][\/vc_row][vc_row full_width=&#8221;stretch_row&#8221; css=&#8221;.vc_custom_1483446717466{margin-bottom: 0px !important;border-bottom-width: 30px !important;padding-top: 30px !important;}&#8221;][vc_column][vc_column_text css=&#8221;.vc_custom_1486214428256{margin-bottom: 30px !important;}&#8221;]Na\u0161a vizija je uskladiti bogato iskustvo i napredno upravljanje novim radnim procesima.<\/p>\n<p>Vjerujemo da je prvi i najva\u017eniji faktor dijalog izme\u0111u na\u0161ih klijenata i nas. Na\u0161i su zaposlenici educirani i iskusni stru\u010dnjaci koji si, zahvaljuju\u0107i dobroj suradnji i komunikaciji, me\u0111usobno poma\u017eu kako bi pru\u017eili najbolju i naju\u010dinkovitiju uslugu po\u0161tuju\u0107i principe poslovne korektnosti i eti\u010dnosti. Specifi\u010dne potrebe i zahtjevi na\u0161ih klijenata uvijek se uva\u017eavaju i po\u0161tuju, \u0161to ne samo da osigurava njihovo zadovoljstvo nego nam daje i mogu\u0107nost da konstantno \u0161irimo na\u0161e vidike.Najve\u0107e nam je zadovoljstvo imati zadovoljne klijente koji nam se iznova vra\u0107aju s novim poslovnim zadatcima.[\/vc_column_text][vc_column_text css=&#8221;.vc_custom_1631172495675{margin-bottom: 30px !important;}&#8221;]Od prosinca 2000 odr\u017eali smo ISO 9001: (1994, 2000, 2008, 2015) sustave upravljanja kvalitetom te trenutno posjedujemo certifikat DNV-GL, br.: 43380-2008-AQ-HRV-HAA.<\/p>\n<p>Sedam desetlje\u0107a iskustva, podru\u017enice u svim ve\u0107im hrvatskim lukama i u Zagrebu, 137 educirana zaposlenika posve\u0107ena klijentima, stalno unapre\u0111ivani radni uvjeti i resursi, visoki standardi u ispunjenju eti\u010dkih, zakonskih, ugovornih obveza te obveza prema klijentima, sudjelovanje u spre\u010davanju mita i korupcije i pranja novca imaju kao rezultat vi\u0161e od tisu\u0107u agentiranih brodova godi\u0161nje te vi\u0161e stotina zadovoljnih klijenata. S ponosom mo\u017eemo re\u0107i da su ovo na\u0161e najbolje preporuke. Ukoliko ste zainteresirani, sa zadovoljstvom \u0107emo Vam pru\u017eiti dodatne informacije, te \u0107emo rado poslu\u0161ati Va\u0161e komentare ili mi\u0161ljenja. Radujemo se razgovoru s Vama i mogu\u0107nosti da Vam pru\u017eimo \u00a0usluge u Va\u0161em poslovanju.[\/vc_column_text][\/vc_column][\/vc_row][vc_row full_width=&#8221;stretch_row&#8221; css=&#8221;.vc_custom_1479205515961{padding-top: 40px !important;padding-bottom: 20px !important;background-color: #f2f2f2 !important;}&#8221;][vc_column][\/vc_column][\/vc_row][vc_row full_width=&#8221;stretch_row&#8221; css=&#8221;.vc_custom_1479204185464{padding-bottom: 40px !important;background-color: #f2f2f2 !important;}&#8221;][vc_column width=&#8221;1\/4&#8243;][vc_single_image image=&#8221;1548&#8243; img_size=&#8221;full&#8221; onclick=&#8221;custom_link&#8221; img_link_target=&#8221;_blank&#8221; css_animation=&#8221;appear&#8221; link=&#8221;http:\/\/asbac.hr\/&#8221;][\/vc_column][vc_column width=&#8221;1\/4&#8243;][vc_single_image image=&#8221;2477&#8243; img_size=&#8221;full&#8221; onclick=&#8221;custom_link&#8221; img_link_target=&#8221;_blank&#8221; css_animation=&#8221;appear&#8221; link=&#8221;http:\/\/www.jadroagent.hr\/dokumenti\/ISO\/JADROAGENT_ISO_9001%20hrv.PDF&#8221;][\/vc_column][vc_column width=&#8221;1\/4&#8243;][vc_single_image image=&#8221;1550&#8243; img_size=&#8221;full&#8221; onclick=&#8221;custom_link&#8221; img_link_target=&#8221;_blank&#8221; css_animation=&#8221;appear&#8221; link=&#8221;http:\/\/www.marcopololine.com\/&#8221;][\/vc_column][vc_column width=&#8221;1\/4&#8243;][vc_single_image image=&#8221;1842&#8243; img_size=&#8221;full&#8221; onclick=&#8221;custom_link&#8221; img_link_target=&#8221;_blank&#8221; css_animation=&#8221;appear&#8221; link=&#8221;http:\/\/fiata.com\/&#8221;][\/vc_column][\/vc_row]<\/p>\n","protected":false},"excerpt":{"rendered":"<p>[vc_row full_width=&#8221;stretch_row&#8221; css=&#8221;.vc_custom_1473096237705{margin-bottom: 30px !important;background-color: #f2f2f2 !important;}&#8221;][vc_column width=&#8221;1\/2&#8243;][vc_column_text css=&#8221;.vc_custom_1580991893878{padding-top: 25px !important;padding-bottom: 25px !important;}&#8221;] Jadroagent Me\u0111unarodna pomorska i prometna\u00a0agencija DD &#8211; Rijeka Jadroagent je dioni\u010dko dru\u0161tvo uvr\u0161teno na Zagreba\u010dkoj burzi ( JDGT-R-A)[\/vc_column_text][\/vc_column][vc_column width=&#8221;1\/2&#8243;][vc_single_image image=&#8221;1449&#8243;&#8230;<\/p>\n","protected":false},"author":3,"featured_media":0,"parent":0,"menu_order":0,"comment_status":"closed","ping_status":"closed","template":"","meta":[],"_links":{"self":[{"href":"https:\/\/www.jadroagent.hr\/hr\/wp-json\/wp\/v2\/pages\/415"}],"collection":[{"href":"https:\/\/www.jadroagent.hr\/hr\/wp-json\/wp\/v2\/pages"}],"about":[{"href":"https:\/\/www.jadroagent.hr\/hr\/wp-json\/wp\/v2\/types\/page"}],"author":[{"embeddable":true,"href":"https:\/\/www.jadroagent.hr\/hr\/wp-json\/wp\/v2\/users\/3"}],"replies":[{"embeddable":true,"href":"https:\/\/www.jadroagent.hr\/hr\/wp-json\/wp\/v2\/comments?post=415"}],"version-history":[{"count":58,"href":"https:\/\/www.jadroagent.hr\/hr\/wp-json\/wp\/v2\/pages\/415\/revisions"}],"predecessor-version":[{"id":2484,"href":"https:\/\/www.jadroagent.hr\/hr\/wp-json\/wp\/v2\/pages\/415\/revisions\/2484"}],"wp:attachment":[{"href":"https:\/\/www.jadroagent.hr\/hr\/wp-json\/wp\/v2\/media?parent=415"}],"curies":[{"name":"wp","href":"https:\/\/api.w.org\/{rel}","templated":true}]}}