{"id":2581,"date":"2023-11-21T11:58:04","date_gmt":"2023-11-21T11:58:04","guid":{"rendered":"http:\/\/www.jadroagent.hr\/hr\/?page_id=2581"},"modified":"2024-02-01T08:42:46","modified_gmt":"2024-02-01T08:42:46","slug":"projekt-kukuljanovo","status":"publish","type":"page","link":"https:\/\/www.jadroagent.hr\/hr\/projekt-kukuljanovo\/","title":{"rendered":"Projekt Kukuljanovo"},"content":{"rendered":"<p>[vc_row full_width=&#8221;stretch_row&#8221; css=&#8221;.vc_custom_1473096620985{padding-top: 40px !important;padding-bottom: 40px !important;background-color: #f7f7f7 !important;}&#8221;][vc_column width=&#8221;1\/2&#8243;][vc_column_text css=&#8221;.vc_custom_1705575984313{margin-bottom: 35px !important;}&#8221;]<\/p>\n<h3>Po\u010detak izgradnje na\u0161eg novog Logisti\u010dkog centra u Industrijskoj zoni Bakar<\/h3>\n<p>U samom srcu Rijeke, u na\u0161em sjedi\u0161tu, potpisan je ugovor za izgradnju na\u0161eg novog Logisti\u010dkog centra u Industrijskoj zoni Bakar. Ugovor je slu\u017ebeno potpisao generalni direktor Jadroagenta, Mario \u0160tefani\u0107, zajedno s predsjednikom Uprave GP Krka, Sanjinom Puri\u0107em i predsjednikom Uprave Tromonta, Ivanom Par\u010dinom, koji \u010dine zajednicu ponuditelja. Nadalje, s ponosom mo\u017eemo najaviti da je gospodin \u0160tefani\u0107 potpisao i ugovor za izgradnju rashladnog dijela skladi\u0161ta s Janezom Pu\u0161nikom i Zdenkom Pu\u0161nik iz slovenske tvrtke Eho.[\/vc_column_text][\/vc_column][vc_column width=&#8221;1\/2&#8243;][vc_single_image image=&#8221;2592&#8243; img_size=&#8221;full&#8221; css=&#8221;.vc_custom_1700815893095{padding-top: 60px !important;}&#8221;][\/vc_column][\/vc_row][vc_row full_width=&#8221;stretch_row&#8221; css=&#8221;.vc_custom_1477909618568{padding-top: 40px !important;padding-bottom: 40px !important;background-color: #ffffff !important;}&#8221;][vc_column width=&#8221;1\/2&#8243;][vc_single_image image=&#8221;2596&#8243; img_size=&#8221;full&#8221;][\/vc_column][vc_column width=&#8221;1\/2&#8243;][vc_column_text css=&#8221;.vc_custom_1700567228508{margin-bottom: 35px !important;}&#8221;]<\/p>\n<h3>Najve\u0107a investicija u povijesti Jadroagenta<\/h3>\n<p>Ova investicija predstavlja veliki iskorak u razvoju Jadroagenta. Novi Logisti\u010dki centar bit \u0107e ogroman kompleks koji \u0107e se prostirati na povr\u0161ini od impresivnih 11.295 \u010detvornih metara. Planirana izgradnja odvijat \u0107e se u vi\u0161e etapa i uklju\u010divat \u0107e 3.495 \u010detvornih metara regalnog rashladnog skladi\u0161ta, oko 6.000 \u010detvornih metara podnog ili visoko regalnog skladi\u0161ta bez temperaturnih ograni\u010denja, te 1.000 \u010detvornih metara modernih ureda namijenjenih radnicima i klijentima.[\/vc_column_text][\/vc_column][\/vc_row][vc_row full_width=&#8221;stretch_row&#8221; css=&#8221;.vc_custom_1477910202350{padding-top: 40px !important;padding-bottom: 40px !important;background-color: #f4f4f4 !important;}&#8221;][vc_column width=&#8221;1\/2&#8243; css=&#8221;.vc_custom_1700816021646{padding-bottom: 100px !important;}&#8221;][vc_column_text css=&#8221;.vc_custom_1706776957359{margin-bottom: 35px !important;}&#8221;]<\/p>\n<h3>Rije\u010di generalnog direktora<\/h3>\n<p>Generalni direktor, Mario \u0160tefani\u0107, istaknuo je veli\u010dinu i va\u017enost ove investicije: &#8220;Novim Logisti\u010dkim centrom dobit \u0107emo znatno pove\u0107ane kapacitete, \u0161to \u0107e nam omogu\u0107iti pro\u0161irenje poslovanja i u\u010diniti nas konkurentnijima na me\u0111unarodnom tr\u017ei\u0161tu pomorstva i prijevoza. To \u0107e pridonijeti br\u017eem rastu i razvoju na\u0161e tvrtke, stvaraju\u0107i vi\u0161e radnih mjesta i pridonose\u0107i ekonomskom razvoju regije.<\/p>\n<p>\u010cinjenica da ova industrija \u010dini \u010dak 20 posto bruto doma\u0107eg proizvoda Hrvatske dodatno potvr\u0111uje njezinu va\u017enost: ovaj projekt odra\u017eava na\u0161u vjeru u daljnji rast i razvoj rije\u010dkog prometnog pravca.&#8221;<\/p>\n<p>&nbsp;<\/p>\n<p><img loading=\"lazy\" class=\"alignnone size-medium wp-image-2640\" src=\"http:\/\/www.jadroagent.hr\/hr\/wp-content\/uploads\/2024\/02\/eu-300x72.png\" alt=\"\" width=\"300\" height=\"72\" srcset=\"https:\/\/www.jadroagent.hr\/hr\/wp-content\/uploads\/2024\/02\/eu-300x72.png 300w, https:\/\/www.jadroagent.hr\/hr\/wp-content\/uploads\/2024\/02\/eu-1024x246.png 1024w, https:\/\/www.jadroagent.hr\/hr\/wp-content\/uploads\/2024\/02\/eu-768x184.png 768w, https:\/\/www.jadroagent.hr\/hr\/wp-content\/uploads\/2024\/02\/eu-1536x369.png 1536w, https:\/\/www.jadroagent.hr\/hr\/wp-content\/uploads\/2024\/02\/eu-2048x491.png 2048w, https:\/\/www.jadroagent.hr\/hr\/wp-content\/uploads\/2024\/02\/eu-24x6.png 24w, https:\/\/www.jadroagent.hr\/hr\/wp-content\/uploads\/2024\/02\/eu-36x9.png 36w, https:\/\/www.jadroagent.hr\/hr\/wp-content\/uploads\/2024\/02\/eu-48x12.png 48w\" sizes=\"(max-width: 300px) 100vw, 300px\" \/>[\/vc_column_text][\/vc_column][vc_column width=&#8221;1\/2&#8243;][vc_single_image image=&#8221;2598&#8243; img_size=&#8221;full&#8221;][\/vc_column][\/vc_row]<\/p>\n","protected":false},"excerpt":{"rendered":"<p>[vc_row full_width=&#8221;stretch_row&#8221; css=&#8221;.vc_custom_1473096620985{padding-top: 40px !important;padding-bottom: 40px !important;background-color: #f7f7f7 !important;}&#8221;][vc_column width=&#8221;1\/2&#8243;][vc_column_text css=&#8221;.vc_custom_1705575984313{margin-bottom: 35px !important;}&#8221;] Po\u010detak izgradnje na\u0161eg novog Logisti\u010dkog centra u Industrijskoj zoni Bakar U samom srcu Rijeke, u na\u0161em sjedi\u0161tu, potpisan je ugovor&#8230;<\/p>\n","protected":false},"author":3,"featured_media":0,"parent":0,"menu_order":0,"comment_status":"closed","ping_status":"closed","template":"","meta":[],"_links":{"self":[{"href":"https:\/\/www.jadroagent.hr\/hr\/wp-json\/wp\/v2\/pages\/2581"}],"collection":[{"href":"https:\/\/www.jadroagent.hr\/hr\/wp-json\/wp\/v2\/pages"}],"about":[{"href":"https:\/\/www.jadroagent.hr\/hr\/wp-json\/wp\/v2\/types\/page"}],"author":[{"embeddable":true,"href":"https:\/\/www.jadroagent.hr\/hr\/wp-json\/wp\/v2\/users\/3"}],"replies":[{"embeddable":true,"href":"https:\/\/www.jadroagent.hr\/hr\/wp-json\/wp\/v2\/comments?post=2581"}],"version-history":[{"count":21,"href":"https:\/\/www.jadroagent.hr\/hr\/wp-json\/wp\/v2\/pages\/2581\/revisions"}],"predecessor-version":[{"id":2641,"href":"https:\/\/www.jadroagent.hr\/hr\/wp-json\/wp\/v2\/pages\/2581\/revisions\/2641"}],"wp:attachment":[{"href":"https:\/\/www.jadroagent.hr\/hr\/wp-json\/wp\/v2\/media?parent=2581"}],"curies":[{"name":"wp","href":"https:\/\/api.w.org\/{rel}","templated":true}]}}