{"id":1435,"date":"2016-10-30T16:48:37","date_gmt":"2016-10-30T16:48:37","guid":{"rendered":"http:\/\/jadro.intraweb.hr\/?page_id=1435"},"modified":"2023-11-07T12:30:45","modified_gmt":"2023-11-07T12:30:45","slug":"kontakt","status":"publish","type":"page","link":"https:\/\/www.jadroagent.hr\/hr\/kontakt\/","title":{"rendered":"Kontakt"},"content":{"rendered":"<p>[vc_row full_width=&#8221;stretch_row&#8221; css=&#8221;.vc_custom_1477848976408{padding-top: 40px !important;padding-bottom: 40px !important;background-color: #f2f2f2 !important;}&#8221;][vc_column width=&#8221;1\/2&#8243;][vc_column_text css=&#8221;.vc_custom_1693300586009{margin-bottom: 35px !important;}&#8221;]<\/p>\n<h3>Menad\u017ement<\/h3>\n<hr \/>\n<p><strong>G. Mario \u0160tefani\u0107<\/strong>\u00a0&#8211; Generalni Direktor &#8211; <a href=\"http:\/\/www.jadroagent.hr\/slike\/Mario_Stefanic.png\">QR code<\/a><br \/>\n<strong>G.\u00a0Alen Poturi\u0107\u00a0<\/strong>&#8211; Komercijalni Direktor &#8211; <a href=\"http:\/\/www.jadroagent.hr\/slike\/Alen_Poturic.png\">QR code<\/a><br \/>\n<strong>G. Maroje Mustapi\u0107 <\/strong>&#8211; Direktor sektora operative &#8211; <a href=\"https:\/\/www.jadroagent.hr\/slike\/Maroje_Mustapic.png\">QR code<\/a><br \/>\n<strong>G\u0111a. Nikolina Babi\u0107 Brenc<\/strong> &#8211; Direktorica sektora otpremi\u0161tva &#8211; <a href=\"http:\/\/www.jadroagent.hr\/slike\/Nikolina_Babic_Brenc.png\">QR code<\/a><br \/>\n<strong>G\u0111a. Sabina Delpin<\/strong>&#8211; Direktorica financijskog sektora &#8211; <a href=\"http:\/\/www.jadroagent.hr\/slike\/Sabina_Delpin.png\">QR code<\/a>[\/vc_column_text][\/vc_column][vc_column width=&#8221;1\/2&#8243; css=&#8221;.vc_custom_1449138338600{margin-bottom: 40px !important;}&#8221;][vc_single_image image=&#8221;1449&#8243; img_size=&#8221;full&#8221; css=&#8221;.vc_custom_1477849273209{border-top-width: 2px !important;border-right-width: 2px !important;border-bottom-width: 2px !important;border-left-width: 2px !important;border-left-color: #103796 !important;border-left-style: solid !important;border-right-color: #103796 !important;border-right-style: solid !important;border-top-color: #103796 !important;border-top-style: solid !important;border-bottom-color: #103796 !important;border-bottom-style: solid !important;border-radius: 15px !important;}&#8221;][\/vc_column][\/vc_row][vc_row full_width=&#8221;stretch_row&#8221; css=&#8221;.vc_custom_1479814970402{padding-top: 0px !important;padding-bottom: 0px !important;background-color: #f2f2f2 !important;}&#8221;][vc_column width=&#8221;1\/3&#8243;][vc_column_text css=&#8221;.vc_custom_1486660702583{margin-bottom: 35px !important;}&#8221;]<\/p>\n<h5>G. Mario \u0160tefani\u0107<\/h5>\n<p>Tel. +385 51 780 529;<br \/>\nFax. +385 51 780 718;<br \/>\n<a href=\"mailto:mario.stefanic@jadroagent.hr\">mario.stefanic@jadroagent.hr<\/a>[\/vc_column_text][\/vc_column][vc_column width=&#8221;1\/3&#8243; css=&#8221;.vc_custom_1449138338600{margin-bottom: 40px !important;}&#8221;][vc_column_text css=&#8221;.vc_custom_1530169812708{margin-bottom: 35px !important;}&#8221;]<\/p>\n<h5>G.\u00a0Alen Poturi\u0107<\/h5>\n<p>Tel. +385 51 780 767;<br \/>\nFax. +385 51 213 696;<br \/>\n<a href=\"mailto:alen.poturic@jadroagent.hr\">alen.poturic@jadroagent.hr<\/a>[\/vc_column_text][\/vc_column][vc_column width=&#8221;1\/3&#8243;][vc_column_text css=&#8221;.vc_custom_1680596511822{margin-bottom: 35px !important;}&#8221;]<\/p>\n<h5>G. Maroje Mustapi\u0107<\/h5>\n<p>Tel. +385 51 212 466;<br \/>\nGsm. +385 99 465 0010;<br \/>\n<a href=\"mailto:maroje.mustapic@jadroagent.hr\">maroje.mustapic@jadroagent.hr<\/a>[\/vc_column_text][\/vc_column][\/vc_row][vc_row full_width=&#8221;stretch_row&#8221; css=&#8221;.vc_custom_1479814947009{padding-top: 20px !important;padding-bottom: 40px !important;background-color: #f2f2f2 !important;}&#8221;][vc_column width=&#8221;1\/3&#8243;][vc_column_text css=&#8221;.vc_custom_1586509985358{margin-bottom: 35px !important;}&#8221;]<\/p>\n<h5>G\u0111a.\u00a0Nikolina Babi\u0107 Brenc<\/h5>\n<p>Tel. +385 51 780 691;<br \/>\nFax. +385 51 213 952;<br \/>\n<a href=\"mailto:nikolina.babic.brenc@jadroagent.hr\">nikolina.babic.brenc@jadroagent.hr<\/a>[\/vc_column_text][\/vc_column][vc_column width=&#8221;1\/3&#8243;][vc_column_text css=&#8221;.vc_custom_1600418655494{margin-bottom: 35px !important;}&#8221;]<\/p>\n<h5>G\u0111a.\u00a0Sabina\u00a0Delpin<\/h5>\n<p>Tel. +385 51 780 702;<br \/>\n<a href=\"mailto:sabina.delpin@jadroagent.hr\">sabina.delpin@jadroagent.hr<\/a>[\/vc_column_text][\/vc_column][\/vc_row][vc_row full_width=&#8221;stretch_row&#8221; css=&#8221;.vc_custom_1477852851633{padding-top: 25px !important;padding-bottom: 35px !important;background-color: #183650 !important;}&#8221;][vc_column][vc_custom_heading text=&#8221;Me\u0111unarodno otpremni\u0161tvo&#8221; font_container=&#8221;tag:h3|text_align:left|color:%23ffffff&#8221; use_theme_fonts=&#8221;yes&#8221;][\/vc_column][\/vc_row][vc_row full_width=&#8221;stretch_row&#8221; css=&#8221;.vc_custom_1477849843343{padding-top: 40px !important;padding-bottom: 40px !important;background-color: #ffffff !important;}&#8221;][vc_column width=&#8221;1\/3&#8243; css=&#8221;.vc_custom_1449138338600{margin-bottom: 40px !important;}&#8221;][vc_column_text css=&#8221;.vc_custom_1680596276567{margin-bottom: 35px !important;}&#8221;]<\/p>\n<h5>G\u0111a. Nikolina Babi\u0107 Brenc<\/h5>\n<p>Tel. +385 51 780 691;<br \/>\nFax. +385 51 213 952;<br \/>\nGsm. +385 99 210 9804;<br \/>\n<a href=\"mailto:nikolina.babic.brenc@jadroagent.hr\">nikolina.babic.brenc@jadroagent.hr<\/a>[\/vc_column_text][\/vc_column][vc_column width=&#8221;1\/3&#8243;][vc_column_text css=&#8221;.vc_custom_1680596282559{margin-bottom: 35px !important;}&#8221;]<\/p>\n<h5>G. Davor Willheim<\/h5>\n<p>Tel. +385 51 780 691;<br \/>\nFax. +385 51 212 952;<br \/>\nGsm. + 385 99 210 9871;<br \/>\n<a href=\"mailto:davor.willheim@jadroagent.hr\">davor.willheim@jadroagent.hr<\/a>[\/vc_column_text][\/vc_column][\/vc_row][vc_row full_width=&#8221;stretch_row&#8221; css=&#8221;.vc_custom_1477852859956{padding-top: 25px !important;padding-bottom: 35px !important;background-color: #183650 !important;}&#8221;][vc_column][vc_custom_heading text=&#8221;Lu\u010dka agentura&#8221; font_container=&#8221;tag:h3|text_align:left|color:%23ffffff&#8221; use_theme_fonts=&#8221;yes&#8221;][\/vc_column][\/vc_row][vc_row full_width=&#8221;stretch_row&#8221; css=&#8221;.vc_custom_1477849843343{padding-top: 40px !important;padding-bottom: 40px !important;background-color: #ffffff !important;}&#8221;][vc_column width=&#8221;1\/4&#8243;][vc_column_text css=&#8221;.vc_custom_1680596299904{margin-bottom: 35px !important;}&#8221;]<\/p>\n<h5><strong>DIREKTOR SEKTORA OPERATIVA<\/strong><\/h5>\n<h5>G. Maroje Mustapi\u0107<\/h5>\n<p>Tel. +385 51 212 466;<br \/>\nFax. +385 51 212 466;<br \/>\nGsm. + 385 99 465 0010;<br \/>\n<a href=\"mailto:maroje.mustapic@jadroagent.hr\">maroje.mustapic@jadroagent.hr<\/a>[\/vc_column_text][\/vc_column][vc_column width=&#8221;1\/4&#8243;][vc_column_text css=&#8221;.vc_custom_1680596306236{margin-bottom: 35px !important;}&#8221;]<\/p>\n<h5><strong>ODJEL RA\u010cUNA OTPREME<\/strong><\/h5>\n<h5>G.\u00a0Sanjin Premor<\/h5>\n<p>Tel. +385 51 780 692;<br \/>\n<a href=\"mailto:accounting@jadroagent.hr\">accounting@jadroagent.hr<\/a>[\/vc_column_text][vc_column_text]<\/p>\n<h5><strong>ODJEL RA\u010cUNA OTPREME<\/strong><\/h5>\n<h5>G\u0111a. Mateja Damijani\u0107<\/h5>\n<p>Tel. +385 51 780 645;<br \/>\n<a href=\"mailto:accounting@jadroagent.hr\">accounting@jadroagent.hr<\/a>[\/vc_column_text][\/vc_column][vc_column width=&#8221;1\/4&#8243;][vc_column_text css=&#8221;.vc_custom_1696230418680{margin-bottom: 35px !important;}&#8221;]<\/p>\n<h5><strong>ODJEL LLOYD&#8217;S AGENCIJE<\/strong><\/h5>\n<h5>G. Sandro Bar\u0161i\u0107 Deren\u010din<\/h5>\n<p>Tel. +385 51 780 714;<br \/>\nGsm. +385 99 807 0891;<br \/>\n<a href=\"mailto:lloydsagentrijeka@jadroagent.hr\">lloydsagentrijeka@jadroagent.hr<\/a><br \/>\n<a href=\"http:\/\/www.lloyds.com\/the-market\/tools-and-resources\/lloyds-agency-department\/lloyds-agency-network\">Lloyd&#8217;s Web Site<\/a>[\/vc_column_text][\/vc_column][vc_column width=&#8221;1\/4&#8243;][vc_column_text css=&#8221;.vc_custom_1696230523492{margin-bottom: 35px !important;}&#8221;]<\/p>\n<h5><strong>ZASTUPNIK P&amp;I KLUBOVA\u00a0<\/strong><\/h5>\n<h5>G. Sandro Bar\u0161i\u0107 Deren\u010din<\/h5>\n<p>Tel. +385 51 780 714;<br \/>\nGsm. +385 99 807 0891;<br \/>\n<a href=\"mailto:pandi@jadroagent.hr\">pandi@jadroagent.hr<\/a>[\/vc_column_text][\/vc_column][\/vc_row][vc_row full_width=&#8221;stretch_row&#8221; css=&#8221;.vc_custom_1477852867464{padding-top: 25px !important;padding-bottom: 35px !important;background-color: #183650 !important;}&#8221;][vc_column][vc_custom_heading text=&#8221;CHARTERING&#8221; font_container=&#8221;tag:h3|text_align:left|color:%23ffffff&#8221; google_fonts=&#8221;font_family:Titillium%20Web%3A200%2C200italic%2C300%2C300italic%2Cregular%2Citalic%2C600%2C600italic%2C700%2C700italic%2C900|font_style:500%20bold%20regular%3A500%3Anormal&#8221;][\/vc_column][\/vc_row][vc_row full_width=&#8221;stretch_row&#8221; css=&#8221;.vc_custom_1696231028767{padding-top: 40px !important;padding-bottom: 0px !important;background-color: #ffffff !important;}&#8221;][vc_column][vc_custom_heading text=&#8221;BROKERI U POSREDOVANJU RASUTIM TERETIMA I USLUGA ODR\u017dAVANJA I UPRAVLJANJA BRODOM\/VIMA&#8221; font_container=&#8221;tag:h5|text_align:left|color:%23404040&#8243; google_fonts=&#8221;font_family:Titillium%20Web%3A200%2C200italic%2C300%2C300italic%2Cregular%2Citalic%2C600%2C600italic%2C700%2C700italic%2C900|font_style:700%20bold%20regular%3A700%3Anormal&#8221;][\/vc_column][\/vc_row][vc_row full_width=&#8221;stretch_row&#8221; css=&#8221;.vc_custom_1696231196459{padding-top: 30px !important;padding-bottom: 40px !important;background-color: #ffffff !important;}&#8221;][vc_column width=&#8221;1\/4&#8243;][vc_column_text css=&#8221;.vc_custom_1680596385317{margin-bottom: 35px !important;}&#8221;]<\/p>\n<h5>G. Ivan Dubi\u0107<\/h5>\n<p>Tel. +385 51 212 412, +385 51 780 684;<br \/>\nFax. +385 51 215 324;<br \/>\nGsm. +385 99 210 9756;<br \/>\n<a href=\"mailto:chartering@jadroagent.hr\">chartering@jadroagent.hr<\/a>[\/vc_column_text][\/vc_column][vc_column width=&#8221;1\/4&#8243;][vc_column_text css=&#8221;.vc_custom_1680596373878{margin-bottom: 35px !important;}&#8221;]<\/p>\n<h5>G. Damir \u0160egulja<\/h5>\n<p>Tel. +385 51 212 412, +385 51 780 694;<br \/>\nFax. +385 51 215 324;<br \/>\nGsm. +385 99 210 9803;<br \/>\n<a href=\"mailto:chartering@jadroagent.hr\">chartering@jadroagent.hr<\/a>[\/vc_column_text][\/vc_column][\/vc_row][vc_row full_width=&#8221;stretch_row&#8221; css=&#8221;.vc_custom_1696230969280{padding-top: 40px !important;padding-bottom: 0px !important;background-color: #f4f4f4 !important;}&#8221;][vc_column][vc_custom_heading text=&#8221;BROKERI U POSREDOVANJU TEKU\u0106IM TERETIMA&#8221; font_container=&#8221;tag:h5|text_align:left|color:%23404040&#8243; google_fonts=&#8221;font_family:Titillium%20Web%3A200%2C200italic%2C300%2C300italic%2Cregular%2Citalic%2C600%2C600italic%2C700%2C700italic%2C900|font_style:700%20bold%20regular%3A700%3Anormal&#8221;][\/vc_column][\/vc_row][vc_row full_width=&#8221;stretch_row&#8221; css=&#8221;.vc_custom_1696231233538{padding-top: 30px !important;padding-bottom: 40px !important;background-color: #f4f4f4 !important;}&#8221;][vc_column width=&#8221;1\/2&#8243;][vc_column_text css=&#8221;.vc_custom_1680596401165{margin-bottom: 35px !important;}&#8221;]<\/p>\n<h5>Capt. Dorijan Bur\u010dul<\/h5>\n<p>Tel. +385 1 4677 652;<br \/>\nFax. +385 1 46 62 496;<br \/>\nGsm. +385 99 2191 753;<br \/>\n<a href=\"mailto:chartering.zg@jadroagent.hr\">chartering.zg@jadroagent.hr<\/a>[\/vc_column_text][\/vc_column][vc_column width=&#8221;1\/2&#8243;][vc_column_text css=&#8221;.vc_custom_1680596412165{margin-bottom: 35px !important;}&#8221;]<\/p>\n<h5>G. Tomislav Bla\u017eevi\u0107<\/h5>\n<p>Tel. +385 1 46 77 652;<br \/>\nFax. +385 1 46 62 496;<br \/>\nGsm. +385 99 2745 142;<br \/>\n<a href=\"mailto:chartering.zg@jadroagent.hr\">chartering.zg@jadroagent.hr<\/a>[\/vc_column_text][\/vc_column][\/vc_row][vc_row full_width=&#8221;stretch_row&#8221; css=&#8221;.vc_custom_1477852726696{padding-top: 40px !important;padding-bottom: 40px !important;background-color: #ffffff !important;}&#8221;][vc_column width=&#8221;1\/2&#8243;][vc_column_text css=&#8221;.vc_custom_1680596424563{margin-bottom: 35px !important;}&#8221;]<\/p>\n<h5><strong>BROKERI U POSREDOVANJU OPSKRBOM BRODOVA GORIVOM<\/strong><\/h5>\n<h5>G. Mario Nikolac<\/h5>\n<p>Tel. +385 51 780 624;<br \/>\nFax. +385 51 215 324;<br \/>\nGsm. +385 98 257 324;<br \/>\n<a href=\"mailto:bunkering@jadroagent.hr\">bunkering@jadroagent.hr<\/a>[\/vc_column_text][\/vc_column][vc_column width=&#8221;1\/2&#8243;][vc_column_text css=&#8221;.vc_custom_1680596432842{margin-bottom: 35px !important;}&#8221;]<\/p>\n<h5><strong>RA\u010cUNOVODSTVO<\/strong><\/h5>\n<h5>G. Nenad Vlah<\/h5>\n<p>Tel. +385 51 780 621;<br \/>\nFax. +385 51 215 324;<br \/>\n<a href=\"mailto:accounting-chartering@jadroagent.hr\">accounting-chartering@jadroagent.hr<\/a>[\/vc_column_text][\/vc_column][\/vc_row][vc_row full_width=&#8221;stretch_row&#8221; css=&#8221;.vc_custom_1477852851633{padding-top: 25px !important;padding-bottom: 35px !important;background-color: #183650 !important;}&#8221;][vc_column][vc_custom_heading text=&#8221;GDPR&#8221; font_container=&#8221;tag:h3|text_align:left|color:%23ffffff&#8221; use_theme_fonts=&#8221;yes&#8221;][\/vc_column][\/vc_row][vc_row full_width=&#8221;stretch_row&#8221; css=&#8221;.vc_custom_1696231308114{padding-top: 40px !important;padding-bottom: 0px !important;background-color: #f4f4f4 !important;}&#8221;][vc_column][vc_custom_heading text=&#8221;SLU\u017dBENIK ZA ZA\u0160TITU OSOBNIH PODATAKA&#8221; font_container=&#8221;tag:h5|text_align:left|color:%23404040&#8243; google_fonts=&#8221;font_family:Titillium%20Web%3A200%2C200italic%2C300%2C300italic%2Cregular%2Citalic%2C600%2C600italic%2C700%2C700italic%2C900|font_style:700%20bold%20regular%3A700%3Anormal&#8221;][\/vc_column][\/vc_row][vc_row full_width=&#8221;stretch_row&#8221; css=&#8221;.vc_custom_1696231326849{padding-top: 30px !important;padding-bottom: 40px !important;background-color: #f4f4f4 !important;}&#8221;][vc_column][vc_column_text css=&#8221;.vc_custom_1688111296230{margin-bottom: 35px !important;}&#8221;]<\/p>\n<h5>G. Sandro Bar\u0161i\u0107 Deren\u010din<\/h5>\n<p>Tel. +385 51 780 714;<br \/>\nGsm. +385 99 807 0891;<br \/>\n<a href=\"mailto:gdpr@jadroagent.hr\">gdpr@jadroagent.hr<\/a>[\/vc_column_text][\/vc_column][\/vc_row]<\/p>\n","protected":false},"excerpt":{"rendered":"<p>[vc_row full_width=&#8221;stretch_row&#8221; css=&#8221;.vc_custom_1477848976408{padding-top: 40px !important;padding-bottom: 40px !important;background-color: #f2f2f2 !important;}&#8221;][vc_column width=&#8221;1\/2&#8243;][vc_column_text css=&#8221;.vc_custom_1693300586009{margin-bottom: 35px !important;}&#8221;] Menad\u017ement G. Mario \u0160tefani\u0107\u00a0&#8211; Generalni Direktor &#8211; QR code G.\u00a0Alen Poturi\u0107\u00a0&#8211; Komercijalni Direktor &#8211; QR code G. Maroje Mustapi\u0107 &#8211;&#8230;<\/p>\n","protected":false},"author":3,"featured_media":0,"parent":0,"menu_order":0,"comment_status":"closed","ping_status":"closed","template":"","meta":[],"_links":{"self":[{"href":"https:\/\/www.jadroagent.hr\/hr\/wp-json\/wp\/v2\/pages\/1435"}],"collection":[{"href":"https:\/\/www.jadroagent.hr\/hr\/wp-json\/wp\/v2\/pages"}],"about":[{"href":"https:\/\/www.jadroagent.hr\/hr\/wp-json\/wp\/v2\/types\/page"}],"author":[{"embeddable":true,"href":"https:\/\/www.jadroagent.hr\/hr\/wp-json\/wp\/v2\/users\/3"}],"replies":[{"embeddable":true,"href":"https:\/\/www.jadroagent.hr\/hr\/wp-json\/wp\/v2\/comments?post=1435"}],"version-history":[{"count":134,"href":"https:\/\/www.jadroagent.hr\/hr\/wp-json\/wp\/v2\/pages\/1435\/revisions"}],"predecessor-version":[{"id":2575,"href":"https:\/\/www.jadroagent.hr\/hr\/wp-json\/wp\/v2\/pages\/1435\/revisions\/2575"}],"wp:attachment":[{"href":"https:\/\/www.jadroagent.hr\/hr\/wp-json\/wp\/v2\/media?parent=1435"}],"curies":[{"name":"wp","href":"https:\/\/api.w.org\/{rel}","templated":true}]}}