{"id":1269,"date":"2015-10-21T07:42:32","date_gmt":"2015-10-21T07:42:32","guid":{"rendered":"http:\/\/cdn.logistics.stylemixthemes.com\/demo\/?page_id=2"},"modified":"2025-11-13T09:31:22","modified_gmt":"2025-11-13T09:31:22","slug":"home","status":"publish","type":"page","link":"https:\/\/www.jadroagent.hr\/hr\/","title":{"rendered":"Po\u010detna"},"content":{"rendered":"<p>[vc_row full_width=&#8221;stretch_row_content_no_spaces&#8221;][vc_column][rev_slider_vc alias=&#8221;main_slider&#8221;][\/vc_column][\/vc_row][vc_row css=&#8221;.vc_custom_1487237377583{margin-top: 70px !important;margin-bottom: 80px !important;}&#8221;][vc_column offset=&#8221;vc_col-lg-6 vc_col-md-6&#8243;][vc_column_text]<\/p>\n<h2><span style=\"font-weight: 300;\">DOBRODO\u0160LI U JADROAGENT!<\/span><\/h2>\n<p>Desetlje\u0107a iskustva, educirani zaposlenici posve\u0107eni klijentima, tisu\u0107e agentiranih brodova godi\u0161nje i mnogobrojni zadovoljni klijenti na\u0161a su najbolja preporuka. Ukoliko ste zainteresirani, molimo Vas da se ne ustru\u010davate zatra\u017eiti dodatne informacije, rado \u0107emo Vam ih pru\u017eiti.<\/p>\n<p>Bilo bi nam drago da odvojite malo svog dragocjenog vremena kako biste detaljno pregledali na\u0161e web stranice, a ako ste u prilici, posebno bi nas veselilo da nam javite Va\u0161e mi\u0161ljenje.[\/vc_column_text][vc_row_inner][vc_column_inner width=&#8221;1\/2&#8243;][vc_column_text]<strong>Mr.\u00a0Mario \u0160tefani\u0107<br \/>\n<\/strong><span style=\"font-size: 13.3333px;\">Direktor<\/span>[\/vc_column_text][\/vc_column_inner][vc_column_inner width=&#8221;1\/2&#8243;][vc_single_image image=&#8221;1455&#8243; img_size=&#8221;full&#8221; css_animation=&#8221;appear&#8221; css=&#8221;.vc_custom_1487237393096{padding-top: 20px !important;padding-bottom: 20px !important;}&#8221;][\/vc_column_inner][\/vc_row_inner][\/vc_column][vc_column offset=&#8221;vc_col-lg-6 vc_col-md-6&#8243;][vc_column_text]<div class=\"wpgmp_map_container wpgmp-map-1\" rel=\"map1\"><div class=\"wpgmp_map_parent\"><div class=\"wpgmp_map \" style=\"width:100%; height:500px;\" id=\"map1\" ><\/div><\/div><\/div><script>jQuery(document).ready(function($) {var map1 = $(\"#map1\").maps({\"map_options\":{\"center_lat\":\"44.31843079999999\",\"center_lng\":\"15.787564299999985\",\"zoom\":7,\"map_type_id\":\"TERRAIN\",\"draggable\":true,\"scroll_wheel\":false,\"display_45_imagery\":\"\",\"marker_default_icon\":\"\",\"infowindow_setting\":\"\",\"infowindow_bounce_animation\":null,\"infowindow_drop_animation\":false,\"close_infowindow_on_map_click\":false,\"default_infowindow_open\":false,\"infowindow_open_event\":\"click\",\"full_screen_control\":true,\"search_control\":true,\"zoom_control\":true,\"map_type_control\":true,\"street_view_control\":true,\"full_screen_control_position\":null,\"search_control_position\":\"TOP_LEFT\",\"zoom_control_position\":\"TOP_LEFT\",\"map_type_control_position\":\"TOP_RIGHT\",\"map_type_control_style\":\"HORIZONTAL_BAR\",\"street_view_control_position\":\"TOP_LEFT\",\"map_control\":true,\"map_control_settings\":false,\"map_zoom_after_search\":6,\"width\":\"\",\"height\":\"500\"},\"places\":[{\"id\":\"1\",\"title\":\"Rijeka\",\"address\":\"Trg Ivana Koblera 2, Rijeka, Croatia\",\"source\":\"manual\",\"content\":\"<strong>Rijeka<\\\/strong><br\\\/>\\r\\nTrg Ivana Koblera 2 (POB 120)<br\\\/>\\r\\nHR-51000 Rijeka, Croatia<br\\\/>\\r\\n<br\\\/>\\r\\nMr. Maroje Mustapi\\u0107<br\\\/>\\r\\nGsm. +385 99 465 0010<br\\\/>\\r\\nTel. +385 51 212 466<br\\\/>\\r\\nAOH 211-009<br\\\/>\\r\\nFax. +385 51 212 466<br\\\/>\\r\\n<br\\\/>\\r\\ntramp@jadroagent.hr<br\\\/>\\r\\n<br\\\/>\\r\\nPorts serviced: Rijeka, Omi\\u0161alj, Rab, Senj\",\"location\":{\"icon\":\"http:\\\/\\\/www.jadroagent.hr\\\/hr\\\/wp-content\\\/uploads\\\/2017\\\/02\\\/ja-icon.png\",\"lat\":\"45.3271599\",\"lng\":\"14.443303000000014\",\"city\":\"Rijeka\",\"state\":\"Primorsko-goranska \\u017eupanija\",\"country\":\"Croatia\",\"onclick_action\":\"marker\",\"redirect_custom_link\":\"\",\"marker_image\":\"\",\"open_new_tab\":\"yes\",\"postal_code\":\"51000\",\"draggable\":false,\"infowindow_default_open\":false,\"animation\":\"BOUNCE\",\"infowindow_disable\":true,\"zoom\":5,\"extra_fields\":\"\"},\"categories\":[{\"id\":\"1\",\"name\":\"Branch Offices\",\"type\":\"category\",\"extension_fields\":false,\"icon\":\"http:\\\/\\\/www.jadroagent.hr\\\/hr\\\/wp-content\\\/uploads\\\/2017\\\/02\\\/ja-icon.png\"}],\"custom_filters\":\"\"},{\"id\":\"2\",\"title\":\"Dubrovnik\",\"address\":\"Ulica doktor Ante Star\\u010devi\\u0107a 24, Dubrovnik, Croatia\",\"source\":\"manual\",\"content\":\"<strong>Dubrovnik<\\\/strong><br\\\/>\\r\\nAnte Star\\u010devi\\u0107a 24<br\\\/>\\r\\nHR-20000 Dubrovnik, Croatia<br\\\/>\\r\\n<br\\\/>\\r\\nCapt. Frano Pitarevic<br\\\/>\\r\\nGsm. +385 98 344605<br\\\/>\\r\\nTel. +385 20 419 009, 419 000<br\\\/>\\r\\nAOH 421-999<br\\\/>\\r\\nFax. +385 20 419 029<br\\\/>\\r\\n<br\\\/>\\r\\ndubrovnik@jadroagent.hr<br\\\/>\\r\\n<br\\\/>\\r\\nPorts serviced: Dubrovnik, Kor\\u010dula, Vela Luka\",\"location\":{\"icon\":\"http:\\\/\\\/www.jadroagent.hr\\\/hr\\\/wp-content\\\/uploads\\\/2017\\\/02\\\/ja-icon.png\",\"lat\":\"42.6477041\",\"lng\":\"18.094237099999987\",\"city\":\"Dubrovnik\",\"state\":\"Dubrova\\u010dko-neretvanska \\u017eupanija\",\"country\":\"Croatia\",\"onclick_action\":\"marker\",\"redirect_custom_link\":\"\",\"marker_image\":\"\",\"open_new_tab\":\"yes\",\"postal_code\":\"20000\",\"draggable\":false,\"infowindow_default_open\":false,\"animation\":\"BOUNCE\",\"infowindow_disable\":true,\"zoom\":5,\"extra_fields\":\"\"},\"categories\":[{\"id\":\"1\",\"name\":\"Branch Offices\",\"type\":\"category\",\"extension_fields\":false,\"icon\":\"http:\\\/\\\/www.jadroagent.hr\\\/hr\\\/wp-content\\\/uploads\\\/2017\\\/02\\\/ja-icon.png\"}],\"custom_filters\":\"\"},{\"id\":\"3\",\"title\":\"Plo\\u010de\",\"address\":\"Trg kralja Tomislava 20, Plo\\u010de, Croatia\",\"source\":\"manual\",\"content\":\"<strong>Plo\\u010de<\\\/strong><br\\\/>\\r\\nTrg kralja Tomislava 20 (POB 5)<br\\\/>\\r\\nHR-20340 Ploce, Croatia<br\\\/>\\r\\n<br\\\/>\\r\\nMr. Zdenko Pa\\u017ein<br\\\/>\\r\\nGsm. +385 99 231 0511<br\\\/>\\r\\nTel. +385 20 676 255<br\\\/>\\r\\nAOH 679-853<br\\\/>\\r\\nFax. +385 20 670-130, +385 20 679 118<br\\\/>\\r\\n<br\\\/>\\r\\nploce@jadroagent.hr<br\\\/>\\r\\n<br\\\/>\\r\\nPorts serviced: Plo\\u010de, Metkovi\\u0107\",\"location\":{\"icon\":\"http:\\\/\\\/www.jadroagent.hr\\\/hr\\\/wp-content\\\/uploads\\\/2017\\\/02\\\/ja-icon.png\",\"lat\":\"43.0488511\",\"lng\":\"17.43246620000002\",\"city\":\"Plo\\u010de\",\"state\":\"Dubrova\\u010dko-neretvanska \\u017eupanija\",\"country\":\"Croatia\",\"onclick_action\":\"marker\",\"redirect_custom_link\":\"\",\"marker_image\":\"\",\"open_new_tab\":\"yes\",\"postal_code\":\"20340\",\"draggable\":false,\"infowindow_default_open\":false,\"animation\":\"BOUNCE\",\"infowindow_disable\":true,\"zoom\":5,\"extra_fields\":\"\"},\"categories\":[{\"id\":\"1\",\"name\":\"Branch Offices\",\"type\":\"category\",\"extension_fields\":false,\"icon\":\"http:\\\/\\\/www.jadroagent.hr\\\/hr\\\/wp-content\\\/uploads\\\/2017\\\/02\\\/ja-icon.png\"}],\"custom_filters\":\"\"},{\"id\":\"4\",\"title\":\"Pula\",\"address\":\"Riva 14, Pula, Croatia\",\"source\":\"manual\",\"content\":\"<strong>Pula<\\\/strong><br\\\/>\\r\\nRiva 14 (POB 57)<br\\\/>\\r\\nHR-52100 Pula, Croatia<br\\\/>\\r\\n<br\\\/>\\r\\nMr. Aleksandar Bur\\u0161i\\u0107<br\\\/>\\r\\nGsm. +385 91 110 0321<br\\\/>\\r\\nTel. +385 52 210 431, +385 52 211 878<br\\\/>\\r\\nAOH 573-275<br\\\/>\\r\\nFax. +385 52 211 799<br\\\/>\\r\\n<br\\\/>\\r\\npula@jadroagent.hr<br\\\/>\\r\\n<br\\\/>\\r\\nPorts serviced: Pula, Rovinj, Umag\",\"location\":{\"icon\":\"http:\\\/\\\/www.jadroagent.hr\\\/hr\\\/wp-content\\\/uploads\\\/2017\\\/02\\\/ja-icon.png\",\"lat\":\"44.8724702\",\"lng\":\"13.845915800000057\",\"city\":\"Pula\",\"state\":\"Istarska \\u017eupanija\",\"country\":\"Croatia\",\"onclick_action\":\"marker\",\"redirect_custom_link\":\"\",\"marker_image\":\"\",\"open_new_tab\":\"yes\",\"postal_code\":\"52100\",\"draggable\":false,\"infowindow_default_open\":false,\"animation\":\"BOUNCE\",\"infowindow_disable\":true,\"zoom\":5,\"extra_fields\":\"\"},\"categories\":[{\"id\":\"1\",\"name\":\"Branch Offices\",\"type\":\"category\",\"extension_fields\":false,\"icon\":\"http:\\\/\\\/www.jadroagent.hr\\\/hr\\\/wp-content\\\/uploads\\\/2017\\\/02\\\/ja-icon.png\"}],\"custom_filters\":\"\"},{\"id\":\"5\",\"title\":\"Ra\\u0161a\",\"address\":\"Br\\u0161ica luka 4A\",\"source\":\"manual\",\"content\":\"<strong>Ra\\u0161a<\\\/strong><br\\\/>\\r\\nBr\\u0161ica luka 4A<br\\\/>\\r\\nHR-52224 Trget, Croatia<br\\\/>\\r\\n<br\\\/>\\r\\nMr. Marin Cetina<br\\\/>\\r\\nGsm. +385 99 815 3765<br\\\/>\\r\\nTel. +385 52 875 006<br\\\/>\\r\\nAOH 857-934<br\\\/>\\r\\nFax. +385 52 875 106<br\\\/>\\r\\n<br\\\/>\\r\\nrasa@jadroagent.hr<br\\\/>\\r\\n<br\\\/>\\r\\nPorts serviced: Ra\\u0161a, Koroma\\u010dno, Plomin\",\"location\":{\"icon\":\"http:\\\/\\\/www.jadroagent.hr\\\/hr\\\/wp-content\\\/uploads\\\/2017\\\/02\\\/ja-icon.png\",\"lat\":\"45.021564\",\"lng\":\"14.055894\",\"city\":\"Trget\",\"state\":\"Istarska \\u017eupanija\",\"country\":\"Croatia\",\"onclick_action\":\"marker\",\"redirect_custom_link\":\"\",\"marker_image\":\"\",\"open_new_tab\":\"yes\",\"postal_code\":\"\",\"draggable\":false,\"infowindow_default_open\":false,\"animation\":\"BOUNCE\",\"infowindow_disable\":true,\"zoom\":5,\"extra_fields\":\"\"},\"categories\":[{\"id\":\"1\",\"name\":\"Branch Offices\",\"type\":\"category\",\"extension_fields\":false,\"icon\":\"http:\\\/\\\/www.jadroagent.hr\\\/hr\\\/wp-content\\\/uploads\\\/2017\\\/02\\\/ja-icon.png\"}],\"custom_filters\":\"\"},{\"id\":\"6\",\"title\":\"Split\",\"address\":\"Kopilica ulica 47b, Split, Croatia\",\"source\":\"manual\",\"content\":\"<strong>Split<\\\/strong><br\\\/>\\r\\nKopilica 47B (POB 166)<br\\\/>\\r\\nHR-21000 Split, Croatia<br\\\/>\\r\\n<br\\\/>\\r\\nMr. Marin Pa\\u017ein<br\\\/>\\r\\nGsm. +385 99 607 6925<br\\\/>\\r\\nTel. +385 21 460 928<br\\\/>\\r\\nAOH 485-465<br\\\/>\\r\\nFax. +385 21 460 848<br\\\/>\\r\\n<br\\\/>\\r\\nsplit@jadroagent.hr<br\\\/>\\r\\n<br\\\/>\\r\\nPorts serviced: Split, Hvar\",\"location\":{\"icon\":\"http:\\\/\\\/www.jadroagent.hr\\\/hr\\\/wp-content\\\/uploads\\\/2017\\\/02\\\/ja-icon.png\",\"lat\":\"43.5253533\",\"lng\":\"16.4608451\",\"city\":\"Split\",\"state\":\"Splitsko-dalmatinska \\u017eupanija\",\"country\":\"Croatia\",\"onclick_action\":\"marker\",\"redirect_custom_link\":\"\",\"marker_image\":\"\",\"open_new_tab\":\"yes\",\"postal_code\":\"21000\",\"draggable\":false,\"infowindow_default_open\":false,\"animation\":\"BOUNCE\",\"infowindow_disable\":true,\"zoom\":5,\"extra_fields\":\"\"},\"categories\":[{\"id\":\"1\",\"name\":\"Branch Offices\",\"type\":\"category\",\"extension_fields\":false,\"icon\":\"http:\\\/\\\/www.jadroagent.hr\\\/hr\\\/wp-content\\\/uploads\\\/2017\\\/02\\\/ja-icon.png\"}],\"custom_filters\":\"\"},{\"id\":\"7\",\"title\":\"\\u0160ibenik\",\"address\":\"Ulica Fra Jerolima Milete 8, \\u0160ibenik, Croatia\",\"source\":\"manual\",\"content\":\"<strong>\\u0160ibenik<\\\/strong><br\\\/>\\r\\nFra Jerolima Milete 8<br\\\/>\\r\\nHR-22000 \\u0160ibenik, Croatia<br\\\/>\\r\\n<br\\\/>\\r\\nMrs. Ankica Milo\\u0161evi\\u0107 Bilu\\u0161i\\u0107<br\\\/>\\r\\nGsm. +385 98 257 328<br\\\/>\\r\\nTel. +385 22 212 570, +385 22 212 789<br\\\/>\\r\\nFax. +385 22 212 682<br\\\/>\\r\\n<br\\\/>\\r\\nsibenik@jadroagent.hr<br\\\/>\\r\\n<br\\\/>\\r\\nPorts serviced: \\u0160ibenik\",\"location\":{\"icon\":\"http:\\\/\\\/www.jadroagent.hr\\\/hr\\\/wp-content\\\/uploads\\\/2017\\\/02\\\/ja-icon.png\",\"lat\":\"43.7318602\",\"lng\":\"15.896578800000043\",\"city\":\"\\u0160ibenik\",\"state\":\"\\u0160ibensko-kninska \\u017eupanija\",\"country\":\"Croatia\",\"onclick_action\":\"marker\",\"redirect_custom_link\":\"\",\"marker_image\":\"\",\"open_new_tab\":\"yes\",\"postal_code\":\"22000\",\"draggable\":false,\"infowindow_default_open\":false,\"animation\":\"BOUNCE\",\"infowindow_disable\":true,\"zoom\":5,\"extra_fields\":\"\"},\"categories\":[{\"id\":\"1\",\"name\":\"Branch Offices\",\"type\":\"category\",\"extension_fields\":false,\"icon\":\"http:\\\/\\\/www.jadroagent.hr\\\/hr\\\/wp-content\\\/uploads\\\/2017\\\/02\\\/ja-icon.png\"}],\"custom_filters\":\"\"},{\"id\":\"8\",\"title\":\"Zadar\",\"address\":\"Poljana Natka Nodila 1, Zadar, Croatia\",\"source\":\"manual\",\"content\":\"<strong>Zadar<\\\/strong><br\\\/>\\r\\nPoljana Natka Nodila 1<br\\\/>\\r\\nHR-23000 Zadar, Croatia<br\\\/>\\r\\n<br\\\/>\\r\\nMr. Sasa Kotrulja<br\\\/>\\r\\nGsm. +385 98 366 561<br\\\/>\\r\\nTel. +385 23 251 447. +385 23 251 452<br\\\/>\\r\\nFax. +385 23 250 647<br\\\/>\\r\\n<br\\\/>\\r\\nzadar@jadroagent.hr<br\\\/>\\r\\n<br\\\/>\\r\\nPorts serviced: Zadar\",\"location\":{\"icon\":\"http:\\\/\\\/www.jadroagent.hr\\\/hr\\\/wp-content\\\/uploads\\\/2017\\\/02\\\/ja-icon.png\",\"lat\":\"44.1173095\",\"lng\":\"15.225431800000024\",\"city\":\"Zadar\",\"state\":\"Zadarska \\u017eupanija\",\"country\":\"Croatia\",\"onclick_action\":\"marker\",\"redirect_custom_link\":\"\",\"marker_image\":\"\",\"open_new_tab\":\"yes\",\"postal_code\":\"23000\",\"draggable\":false,\"infowindow_default_open\":false,\"animation\":\"BOUNCE\",\"infowindow_disable\":true,\"zoom\":5,\"extra_fields\":\"\"},\"categories\":[{\"id\":\"1\",\"name\":\"Branch Offices\",\"type\":\"category\",\"extension_fields\":false,\"icon\":\"http:\\\/\\\/www.jadroagent.hr\\\/hr\\\/wp-content\\\/uploads\\\/2017\\\/02\\\/ja-icon.png\"}],\"custom_filters\":\"\"},{\"id\":\"9\",\"title\":\"Zagreb\",\"address\":\"Strojarska cesta 22, Zagreb, Croatia\",\"source\":\"manual\",\"content\":\"<strong>Zagreb<\\\/strong><br\\\/>\\r\\nStrojarska cesta 22 \\\/ XII kat (POB 359)<br\\\/>\\r\\nHR-10000 Zagreb, Croatia<br\\\/>\\r\\n<br\\\/>\\r\\nMr. Bojan Krbavcic<br\\\/>\\r\\nGsm. +385 99 300 2400<br\\\/>\\r\\nTel. +385 1 4677 652, +385 1 4677 462<br\\\/>\\r\\nAOH 211-009<br\\\/>\\r\\nFax. +385 1 4662 496, +385 1 4677 653<br\\\/>\\r\\n<br\\\/>\\r\\nchartering.zg@jadroagent.hr<br\\\/>\\r\\nskt.zagreb@jadroagent.hr<br\\\/>\",\"location\":{\"icon\":\"http:\\\/\\\/www.jadroagent.hr\\\/hr\\\/wp-content\\\/uploads\\\/2017\\\/02\\\/ja-icon.png\",\"lat\":\"45.803644\",\"lng\":\"15.989025800000036\",\"city\":\"Zagreb\",\"state\":\"City of Zagreb\",\"country\":\"Croatia\",\"onclick_action\":\"marker\",\"redirect_custom_link\":\"\",\"marker_image\":\"\",\"open_new_tab\":\"yes\",\"postal_code\":\"10000\",\"draggable\":false,\"infowindow_default_open\":false,\"animation\":\"BOUNCE\",\"infowindow_disable\":true,\"zoom\":5,\"extra_fields\":\"\"},\"categories\":[{\"id\":\"1\",\"name\":\"Branch Offices\",\"type\":\"category\",\"extension_fields\":false,\"icon\":\"http:\\\/\\\/www.jadroagent.hr\\\/hr\\\/wp-content\\\/uploads\\\/2017\\\/02\\\/ja-icon.png\"}],\"custom_filters\":\"\"}],\"styles\":\"\",\"listing\":\"\",\"map_property\":{\"map_id\":\"1\"}}).data(\"wpgmp_maps\");});<\/script>[\/vc_column_text][\/vc_column][\/vc_row][vc_row full_width=&#8221;stretch_row&#8221; equal_height=&#8221;yes&#8221; parallax=&#8221;content-moving&#8221; parallax_image=&#8221;2858&#8243; css=&#8221;.vc_custom_1762866677758{margin-bottom: 80px !important;}&#8221;][vc_column width=&#8221;7\/12&#8243; css=&#8221;.vc_custom_1450330273622{padding-top: 60px !important;padding-right: 0px !important;padding-bottom: 60px !important;}&#8221;][vc_custom_heading text=&#8221;ZAJEDNO POSTAVLJAMO NOVI STANDARD LOGISTIKE&#8221; font_container=&#8221;tag:h3|text_align:left|color:%23ffffff&#8221; use_theme_fonts=&#8221;yes&#8221; el_class=&#8221;base_font_color heading_without_line&#8221;][vc_column_text]<span style=\"color: #fff;\">Gradimo odr\u017eivu i u\u010dinkovitiju budu\u0107nost opskrbnih lanaca.<br \/>\nU na\u0161em logisti\u010dkom centru u Kukuljanovu povezujemo inovaciju, odr\u017eivost i pouzdanost. Kroz napredne skladi\u0161ne sustave i solarni energetski pogon osiguravamo u\u010dinkovit i odgovoran protok robe dok ja\u010damo konkurentnost regije i stvaramo temelje logistike budu\u0107nosti.<\/span>[\/vc_column_text][vc_btn title=&#8221;Saznajte vi\u0161e&#8221; style=&#8221;flat&#8221; color=&#8221;theme_style_3&#8243; i_align=&#8221;right&#8221; i_icon_fontawesome=&#8221;stm-arrow-next&#8221; add_icon=&#8221;true&#8221; link=&#8221;url:http%3A%2F%2Fwww.jadroagent.hr%2Fhr%2Flogisticki-centar%2F|title:Logisti%C4%8Dki%20centar|&#8221;][\/vc_column][vc_column width=&#8221;5\/12&#8243; css=&#8221;.vc_custom_1762865941798{padding-top: 60px !important;padding-bottom: 60px !important;background-position: center !important;background-repeat: no-repeat !important;background-size: contain !important;}&#8221;][vc_column_text]<\/p>\n<div style=\"max-width: 2000px; margin: 0 auto; border-radius: 12px; overflow: hidden; box-shadow: 0 4px 20px rgba(0,0,0,0.2);\"><iframe style=\"display: block; width: 100%; height: 320px; border: 0;\" title=\"Croatia Logistics Centre Drone\" src=\"https:\/\/www.jadroagent.hr\/wp-content\/uploads\/2025\/11\/Jadroagent_final2.mp4\" width=\"100%\" height=\"320\" frameborder=\"0\" allowfullscreen=\"allowfullscreen\"><br \/>\n<\/iframe><\/div>\n<p>[\/vc_column_text][\/vc_column][\/vc_row][vc_row full_width=&#8221;stretch_row&#8221; css=&#8221;.vc_custom_1763026232503{margin-bottom: 0px !important;padding-top: 80px !important;padding-bottom: 80px !important;}&#8221; el_class=&#8221;base_bg_color &#8220;][vc_column css=&#8221;.vc_custom_1763026278761{padding-right: 15px !important;padding-left: 15px !important;}&#8221; offset=&#8221;vc_hidden-md vc_hidden-sm vc_hidden-xs&#8221;][stm_services_grid posts_per_page=&#8221;15&#8243; posts_per_row=&#8221;4&#8243;][\/vc_column][\/vc_row][vc_row full_width=&#8221;stretch_row&#8221; equal_height=&#8221;yes&#8221; parallax=&#8221;content-moving&#8221; parallax_image=&#8221;1382&#8243; css=&#8221;.vc_custom_1473243176062{margin-bottom: 80px !important;}&#8221;][vc_column width=&#8221;7\/12&#8243; css=&#8221;.vc_custom_1450330273622{padding-top: 60px !important;padding-right: 0px !important;padding-bottom: 60px !important;}&#8221;][vc_custom_heading text=&#8221;Udruga pomorskih agenata Hrvatske dodijelila je tvrtci JADROAGENT priznanje za Najboljeg agenta!&#8221; font_container=&#8221;tag:h2|text_align:left|color:%23ffffff&#8221; use_theme_fonts=&#8221;yes&#8221; el_class=&#8221;base_font_color heading_without_line&#8221;][vc_column_text]<span style=\"color: #fff;\">Jadroagent pru\u017ea informacije ve\u0107ini renomiranih tvrtki i organizacija: BIMCO, FAIRPLAY, GLOBE, INTERTANKO, LLOYD&#8217;S, SHIPBROKER&#8217;S REGISTER, SHIPPING GUIDES, WORLDSCALE, itd.<\/span>[\/vc_column_text][vc_btn title=&#8221;Kontaktirajte nas&#8221; style=&#8221;flat&#8221; color=&#8221;theme_style_3&#8243; i_align=&#8221;right&#8221; i_icon_fontawesome=&#8221;stm-arrow-next&#8221; add_icon=&#8221;true&#8221; link=&#8221;url:%2Fcontacts||&#8221;][\/vc_column][vc_column width=&#8221;5\/12&#8243; css=&#8221;.vc_custom_1450765525367{background-position: center !important;background-repeat: no-repeat !important;background-size: contain !important;}&#8221; offset=&#8221;vc_hidden-md vc_hidden-sm vc_hidden-xs&#8221;][\/vc_column][\/vc_row][vc_row full_width=&#8221;stretch_row&#8221; css=&#8221;.vc_custom_1473243949929{margin-bottom: 0px !important;}&#8221;][vc_column][vc_custom_heading text=&#8221;Novosti&#8221; use_theme_fonts=&#8221;yes&#8221; css=&#8221;.vc_custom_1486224682711{margin-bottom: 38px !important;}&#8221;][stm_recent_posts_widget title=&#8221;Zadnje objave&#8221; number=&#8221;4&#8243;][\/vc_column][\/vc_row][vc_row full_width=&#8221;stretch_row&#8221; css=&#8221;.vc_custom_1479205515961{padding-top: 40px !important;padding-bottom: 20px !important;background-color: #f2f2f2 !important;}&#8221;][vc_column][\/vc_column][\/vc_row][vc_row full_width=&#8221;stretch_row&#8221; css=&#8221;.vc_custom_1479204185464{padding-bottom: 40px !important;background-color: #f2f2f2 !important;}&#8221;][vc_column width=&#8221;1\/6&#8243;][vc_single_image image=&#8221;1548&#8243; img_size=&#8221;full&#8221; onclick=&#8221;custom_link&#8221; img_link_target=&#8221;_blank&#8221; css_animation=&#8221;appear&#8221; link=&#8221;http:\/\/asbac.hr\/&#8221;][\/vc_column][vc_column width=&#8221;1\/6&#8243;][vc_single_image image=&#8221;2477&#8243; img_size=&#8221;full&#8221; onclick=&#8221;custom_link&#8221; img_link_target=&#8221;_blank&#8221; css_animation=&#8221;appear&#8221; link=&#8221;http:\/\/www.jadroagent.hr\/dokumenti\/ISO\/JADROAGENT_ISO_9001%20hrv.PDF&#8221;][\/vc_column][vc_column width=&#8221;1\/6&#8243;][vc_single_image image=&#8221;1550&#8243; img_size=&#8221;full&#8221; onclick=&#8221;custom_link&#8221; img_link_target=&#8221;_blank&#8221; css_animation=&#8221;appear&#8221; link=&#8221;http:\/\/www.marcopololine.com\/&#8221;][\/vc_column][vc_column width=&#8221;1\/6&#8243;][vc_single_image image=&#8221;1842&#8243; img_size=&#8221;full&#8221; onclick=&#8221;custom_link&#8221; img_link_target=&#8221;_blank&#8221; css_animation=&#8221;appear&#8221; link=&#8221;http:\/\/fiata.com\/&#8221;][\/vc_column][vc_column width=&#8221;1\/6&#8243;][vc_single_image image=&#8221;2198&#8243; img_size=&#8221;80&#215;49&#8243; onclick=&#8221;custom_link&#8221; img_link_target=&#8221;_blank&#8221; css_animation=&#8221;appear&#8221; link=&#8221;https:\/\/www.lloyds.com&#8221;][\/vc_column][vc_column width=&#8221;1\/6&#8243;][vc_single_image image=&#8221;2202&#8243; img_size=&#8221;72&#215;49&#8243; onclick=&#8221;custom_link&#8221; img_link_target=&#8221;_blank&#8221; css_animation=&#8221;appear&#8221; link=&#8221;https:\/\/ec.europa.eu\/taxation_customs\/general-information-customs\/customs-security\/authorised-economic-operator-aeo_en&#8221;][\/vc_column][\/vc_row]<\/p>\n","protected":false},"excerpt":{"rendered":"<p>[vc_row full_width=&#8221;stretch_row_content_no_spaces&#8221;][vc_column][rev_slider_vc alias=&#8221;main_slider&#8221;][\/vc_column][\/vc_row][vc_row css=&#8221;.vc_custom_1487237377583{margin-top: 70px !important;margin-bottom: 80px !important;}&#8221;][vc_column offset=&#8221;vc_col-lg-6 vc_col-md-6&#8243;][vc_column_text] DOBRODO\u0160LI U JADROAGENT! Desetlje\u0107a iskustva, educirani zaposlenici posve\u0107eni klijentima, tisu\u0107e agentiranih brodova godi\u0161nje i mnogobrojni zadovoljni klijenti na\u0161a su najbolja preporuka. Ukoliko ste&#8230;<\/p>\n","protected":false},"author":3,"featured_media":0,"parent":0,"menu_order":0,"comment_status":"closed","ping_status":"closed","template":"","meta":[],"_links":{"self":[{"href":"https:\/\/www.jadroagent.hr\/hr\/wp-json\/wp\/v2\/pages\/1269"}],"collection":[{"href":"https:\/\/www.jadroagent.hr\/hr\/wp-json\/wp\/v2\/pages"}],"about":[{"href":"https:\/\/www.jadroagent.hr\/hr\/wp-json\/wp\/v2\/types\/page"}],"author":[{"embeddable":true,"href":"https:\/\/www.jadroagent.hr\/hr\/wp-json\/wp\/v2\/users\/3"}],"replies":[{"embeddable":true,"href":"https:\/\/www.jadroagent.hr\/hr\/wp-json\/wp\/v2\/comments?post=1269"}],"version-history":[{"count":159,"href":"https:\/\/www.jadroagent.hr\/hr\/wp-json\/wp\/v2\/pages\/1269\/revisions"}],"predecessor-version":[{"id":2926,"href":"https:\/\/www.jadroagent.hr\/hr\/wp-json\/wp\/v2\/pages\/1269\/revisions\/2926"}],"wp:attachment":[{"href":"https:\/\/www.jadroagent.hr\/hr\/wp-json\/wp\/v2\/media?parent=1269"}],"curies":[{"name":"wp","href":"https:\/\/api.w.org\/{rel}","templated":true}]}}