{"id":2256,"date":"2019-12-27T07:19:39","date_gmt":"2019-12-27T07:19:39","guid":{"rendered":"http:\/\/www.jadroagent.hr\/hr\/?page_id=2256"},"modified":"2023-12-21T09:52:20","modified_gmt":"2023-12-21T09:52:20","slug":"statut","status":"publish","type":"page","link":"http:\/\/www.jadroagent.hr\/hr\/statut\/","title":{"rendered":"Statut"},"content":{"rendered":"<p>[vc_row][vc_column width=&#8221;2\/3&#8243;][vc_column_text]Statut dioni\u010dkog dru\u0161va Jadroagent d.d. mo\u017eete preuzeti <a href=\"http:\/\/www.jadroagent.hr\/dokumenti\/Financijske_obavjesti\/Statut%202023..pdf\" target=\"_blank\" rel=\"noopener noreferrer\">ovdje<\/a> .[\/vc_column_text][\/vc_column][vc_column width=&#8221;1\/3&#8243;][vc_column_text]<strong>KONTAKT ZA INVESTITORE<\/strong>[\/vc_column_text][vc_separator css=&#8221;.vc_custom_1577776017863{padding-top: -20px !important;}&#8221;][vc_column_text css=&#8221;.vc_custom_1587643306036{padding-top: -20px !important;}&#8221;]TEL: +385 51 780 544<\/p>\n<p>MAIL: <a href=\"mailto:mario.stefanic@jadroagent.hr\">mario.stefanic@jadroagent.hr<\/a>[\/vc_column_text][\/vc_column][\/vc_row]<\/p>\n","protected":false},"excerpt":{"rendered":"<p>[vc_row][vc_column width=&#8221;2\/3&#8243;][vc_column_text]Statut dioni\u010dkog dru\u0161va Jadroagent d.d. mo\u017eete preuzeti ovdje .[\/vc_column_text][\/vc_column][vc_column width=&#8221;1\/3&#8243;][vc_column_text]KONTAKT ZA INVESTITORE[\/vc_column_text][vc_separator css=&#8221;.vc_custom_1577776017863{padding-top: -20px !important;}&#8221;][vc_column_text css=&#8221;.vc_custom_1587643306036{padding-top: -20px !important;}&#8221;]TEL: +385 51 780 544 MAIL: mario.stefanic@jadroagent.hr[\/vc_column_text][\/vc_column][\/vc_row]<\/p>\n","protected":false},"author":3,"featured_media":0,"parent":0,"menu_order":0,"comment_status":"closed","ping_status":"closed","template":"","meta":[],"_links":{"self":[{"href":"http:\/\/www.jadroagent.hr\/hr\/wp-json\/wp\/v2\/pages\/2256"}],"collection":[{"href":"http:\/\/www.jadroagent.hr\/hr\/wp-json\/wp\/v2\/pages"}],"about":[{"href":"http:\/\/www.jadroagent.hr\/hr\/wp-json\/wp\/v2\/types\/page"}],"author":[{"embeddable":true,"href":"http:\/\/www.jadroagent.hr\/hr\/wp-json\/wp\/v2\/users\/3"}],"replies":[{"embeddable":true,"href":"http:\/\/www.jadroagent.hr\/hr\/wp-json\/wp\/v2\/comments?post=2256"}],"version-history":[{"count":13,"href":"http:\/\/www.jadroagent.hr\/hr\/wp-json\/wp\/v2\/pages\/2256\/revisions"}],"predecessor-version":[{"id":2621,"href":"http:\/\/www.jadroagent.hr\/hr\/wp-json\/wp\/v2\/pages\/2256\/revisions\/2621"}],"wp:attachment":[{"href":"http:\/\/www.jadroagent.hr\/hr\/wp-json\/wp\/v2\/media?parent=2256"}],"curies":[{"name":"wp","href":"https:\/\/api.w.org\/{rel}","templated":true}]}}