{"id":2154,"date":"2019-02-13T09:36:26","date_gmt":"2019-02-13T09:36:26","guid":{"rendered":"http:\/\/www.jadroagent.hr\/hr\/?page_id=2154"},"modified":"2019-02-14T07:48:10","modified_gmt":"2019-02-14T07:48:10","slug":"privatnost-i-kolacici","status":"publish","type":"page","link":"http:\/\/www.jadroagent.hr\/hr\/privatnost-i-kolacici\/","title":{"rendered":"Privatnost i kola\u010di\u0107i"},"content":{"rendered":"<h1>Politika o kola\u010di\u0107ima<\/h1>\n<p>Na\u0161a politika o kola\u010di\u0107ima obja\u0161njava \u0161to su kola\u010di\u0107i, kako mi koristimo kola\u010di\u0107e, kakav izbor imate u vezi kola\u010di\u0107a i kako mo\u017eete prona\u0107i dodatne informacije o kola\u010di\u0107ima. Kori\u0161tenjem ove web stranice pristajete na uporabu kola\u010di\u0107a.<\/p>\n<h3>\u0160to su kola\u010di\u0107i?<\/h3>\n<p>Kola\u010di\u0107 je informacija spremljena na Va\u0161e ra\u010dunalo od strane web stranice koju posjetite. Kola\u010di\u0107i obi\u010dno spremaju Va\u0161e postavke, postavke za web stranicu, kao \u0161to su preferirani jezik ili adresa. Kasnije, kada opet otvorite istu web stranicu, internetski preglednik \u0161alje natrag kola\u010di\u0107e koji pripadaju toj stranici. Ovo omogu\u0107ava stranici da prika\u017ee informacije prilago\u0111ene Va\u0161im potrebama.<\/p>\n<p>Kola\u010di\u0107i mogu spremati \u0161irok raspon informacija uklju\u010duju\u0107i osobne informacije (kao \u0161to je Va\u0161e ime ili adresa e-po\u0161te). Ipak, ova informacija mo\u017ee biti spremljena jedino ako Vi to omogu\u0107ite \u2013 web stranice ne mogu dobiti pristup informacijama koji im niste dali i ne mogu pristupiti drugim datotekama na Va\u0161em ra\u010dunalu. Zadane aktivnosti spremanja i slanja kola\u010di\u0107a nisu Vam vidljive. Ipak, postavke internetskog preglednika mo\u017eete promijeniti i tako sami izabrati ho\u0107ete li zahtjeve za spremanje kola\u010di\u0107a odobriti ili odbiti, te pobrisati spremljene kola\u010di\u0107e automatski pri zatvaranju internetskog preglednika i sli\u010dno.<\/p>\n<h3>Kakve kola\u010di\u0107e koristimo i za\u0161to?<\/h3>\n<p>Privremeni kola\u010di\u0107i ili kola\u010di\u0107i sesije uklanjaju se s ra\u010dunala po zatvaranju internetskog preglednika. Pomo\u0107u njih web-mjesta pohranjuju privremene podatke, poput stavki u ko\u0161arici za kupnju. Mi ih koristimo da omogu\u0107imo pristup sadr\u017eaju.<\/p>\n<p>Trajni ili spremljeni kola\u010di\u0107i ostaju na ra\u010dunalu nakon zatvaranja internetskog preglednika. Pomo\u0107u njih web-mjesta pohranjuju podatke, kao \u0161to su ime za prijavu i zaporka, tako da se ne morate prijavljivati prilikom svakog posjeta odre\u0111enom mjestu. Trajni kola\u010di\u0107i ostat \u0107e na ra\u010dunalu danima, mjesecima, \u010dak i godinama. Informacije koje kola\u010di\u0107i prikupljaju su anonimni \u2013 ne vidimo nikakve individualne podatke korisnika.<\/p>\n<h3>Kakav izbor imate u vezi kola\u010di\u0107a<\/h3>\n<p>Isklju\u010divanjem kola\u010di\u0107a odlu\u010dujete da ne\u0107ete dopustiti pohranjivanje kola\u010di\u0107a na va\u0161em ra\u010dunalu. Postavke kola\u010di\u0107a mogu se kontrolirati i konfigurirati u va\u0161em internet pregledniku. Za informacije o postavkama kola\u010di\u0107a, prou\u010dite slu\u017ebenu dokumentaciju Internet preglednika koji koristite.<\/p>\n<p>Imajte na umu, blokiranjem kola\u010di\u0107a i dalje mo\u017eete pregledavati ovu web stranicu, no neke njezine mogu\u0107nosti Vam mo\u017eda ne\u0107e biti dostupne.<\/p>\n<p>Ako \u017eelite saznati vi\u0161e o kola\u010di\u0107ima, uklju\u010duju\u0107i i informacije o tome kako se kola\u010di\u0107i postavljaju te kako mo\u017eete upravljati njima ili ih isklju\u010diti, posjetite web stranicu www.allaboutcookies.org ili www.youronlinechoices.eu. Ako \u017eelite onemogu\u0107iti pra\u0107enje putem servisa Google Analytics na svim web smjestima, posjetite web stranicu http:\/\/tools.google.com\/dlpage\/gaoptout.<\/p>\n<h3>Izmjene na\u0161e politike o kola\u010di\u0107ima<\/h3>\n<p>Svaku budu\u0107u izmjenu na\u0161e politike o kola\u010di\u0107ima objavit \u0107emo na ovoj stranici. Molimo Vas da povremeno posjetite ovu stranicu radi informiranja o mogu\u0107im izmjenama na\u0161e politike o kola\u010di\u0107ima. Ova politika o kola\u010di\u0107ima posljednji put je izmijenjena 1. sije\u010dnja 2019. godine i zamjenjuje svaku drugu politiku o kola\u010di\u0107ima koja je va\u017eila prije tog datuma.<\/p>\n","protected":false},"excerpt":{"rendered":"<p>Politika o kola\u010di\u0107ima Na\u0161a politika o kola\u010di\u0107ima obja\u0161njava \u0161to su kola\u010di\u0107i, kako mi koristimo kola\u010di\u0107e, kakav izbor imate u vezi kola\u010di\u0107a i kako mo\u017eete prona\u0107i dodatne informacije o kola\u010di\u0107ima. Kori\u0161tenjem ove web stranice&#8230;<\/p>\n","protected":false},"author":3,"featured_media":0,"parent":0,"menu_order":0,"comment_status":"closed","ping_status":"closed","template":"","meta":[],"_links":{"self":[{"href":"http:\/\/www.jadroagent.hr\/hr\/wp-json\/wp\/v2\/pages\/2154"}],"collection":[{"href":"http:\/\/www.jadroagent.hr\/hr\/wp-json\/wp\/v2\/pages"}],"about":[{"href":"http:\/\/www.jadroagent.hr\/hr\/wp-json\/wp\/v2\/types\/page"}],"author":[{"embeddable":true,"href":"http:\/\/www.jadroagent.hr\/hr\/wp-json\/wp\/v2\/users\/3"}],"replies":[{"embeddable":true,"href":"http:\/\/www.jadroagent.hr\/hr\/wp-json\/wp\/v2\/comments?post=2154"}],"version-history":[{"count":3,"href":"http:\/\/www.jadroagent.hr\/hr\/wp-json\/wp\/v2\/pages\/2154\/revisions"}],"predecessor-version":[{"id":2158,"href":"http:\/\/www.jadroagent.hr\/hr\/wp-json\/wp\/v2\/pages\/2154\/revisions\/2158"}],"wp:attachment":[{"href":"http:\/\/www.jadroagent.hr\/hr\/wp-json\/wp\/v2\/media?parent=2154"}],"curies":[{"name":"wp","href":"https:\/\/api.w.org\/{rel}","templated":true}]}}