{"id":1493,"date":"2016-10-30T19:38:25","date_gmt":"2016-10-30T19:38:25","guid":{"rendered":"http:\/\/jadro.intraweb.hr\/?page_id=1493"},"modified":"2026-04-24T07:38:15","modified_gmt":"2026-04-24T07:38:15","slug":"poslovnice","status":"publish","type":"page","link":"http:\/\/www.jadroagent.hr\/hr\/poslovnice\/","title":{"rendered":"Poslovnice"},"content":{"rendered":"<p>[vc_row full_width=&#8221;stretch_row_content_no_spaces&#8221; css=&#8221;.vc_custom_1477861534132{padding-bottom: 60px !important;}&#8221;][vc_column][vc_column_text]<div class=\"wpgmp_map_container wpgmp-map-1\" rel=\"map1\"><div class=\"wpgmp_map_parent\"><div class=\"wpgmp_map \" style=\"width:100%; height:500px;\" id=\"map1\" ><\/div><\/div><\/div><script>jQuery(document).ready(function($) {var map1 = $(\"#map1\").maps({\"map_options\":{\"center_lat\":\"44.31843079999999\",\"center_lng\":\"15.787564299999985\",\"zoom\":7,\"map_type_id\":\"TERRAIN\",\"draggable\":true,\"scroll_wheel\":false,\"display_45_imagery\":\"\",\"marker_default_icon\":\"\",\"infowindow_setting\":\"\",\"infowindow_bounce_animation\":null,\"infowindow_drop_animation\":false,\"close_infowindow_on_map_click\":false,\"default_infowindow_open\":false,\"infowindow_open_event\":\"click\",\"full_screen_control\":true,\"search_control\":true,\"zoom_control\":true,\"map_type_control\":true,\"street_view_control\":true,\"full_screen_control_position\":null,\"search_control_position\":\"TOP_LEFT\",\"zoom_control_position\":\"TOP_LEFT\",\"map_type_control_position\":\"TOP_RIGHT\",\"map_type_control_style\":\"HORIZONTAL_BAR\",\"street_view_control_position\":\"TOP_LEFT\",\"map_control\":true,\"map_control_settings\":false,\"map_zoom_after_search\":6,\"width\":\"\",\"height\":\"500\"},\"places\":[{\"id\":\"1\",\"title\":\"Rijeka\",\"address\":\"Trg Ivana Koblera 2, Rijeka, Croatia\",\"source\":\"manual\",\"content\":\"<strong>Rijeka<\\\/strong><br\\\/>\\r\\nTrg Ivana Koblera 2 (POB 120)<br\\\/>\\r\\nHR-51000 Rijeka, Croatia<br\\\/>\\r\\n<br\\\/>\\r\\nMr. Maroje Mustapi\\u0107<br\\\/>\\r\\nGsm. +385 99 465 0010<br\\\/>\\r\\nTel. +385 51 212 466<br\\\/>\\r\\nAOH 211-009<br\\\/>\\r\\nFax. +385 51 212 466<br\\\/>\\r\\n<br\\\/>\\r\\ntramp@jadroagent.hr<br\\\/>\\r\\n<br\\\/>\\r\\nPorts serviced: Rijeka, Omi\\u0161alj, Rab, Senj\",\"location\":{\"icon\":\"http:\\\/\\\/www.jadroagent.hr\\\/hr\\\/wp-content\\\/uploads\\\/2017\\\/02\\\/ja-icon.png\",\"lat\":\"45.3271599\",\"lng\":\"14.443303000000014\",\"city\":\"Rijeka\",\"state\":\"Primorsko-goranska \\u017eupanija\",\"country\":\"Croatia\",\"onclick_action\":\"marker\",\"redirect_custom_link\":\"\",\"marker_image\":\"\",\"open_new_tab\":\"yes\",\"postal_code\":\"51000\",\"draggable\":false,\"infowindow_default_open\":false,\"animation\":\"BOUNCE\",\"infowindow_disable\":true,\"zoom\":5,\"extra_fields\":\"\"},\"categories\":[{\"id\":\"1\",\"name\":\"Branch Offices\",\"type\":\"category\",\"extension_fields\":false,\"icon\":\"http:\\\/\\\/www.jadroagent.hr\\\/hr\\\/wp-content\\\/uploads\\\/2017\\\/02\\\/ja-icon.png\"}],\"custom_filters\":\"\"},{\"id\":\"2\",\"title\":\"Dubrovnik\",\"address\":\"Ulica doktor Ante Star\\u010devi\\u0107a 24, Dubrovnik, Croatia\",\"source\":\"manual\",\"content\":\"<strong>Dubrovnik<\\\/strong><br\\\/>\\r\\nAnte Star\\u010devi\\u0107a 24<br\\\/>\\r\\nHR-20000 Dubrovnik, Croatia<br\\\/>\\r\\n<br\\\/>\\r\\nCapt. Frano Pitarevic<br\\\/>\\r\\nGsm. +385 98 344605<br\\\/>\\r\\nTel. +385 20 419 009, 419 000<br\\\/>\\r\\nAOH 421-999<br\\\/>\\r\\nFax. +385 20 419 029<br\\\/>\\r\\n<br\\\/>\\r\\ndubrovnik@jadroagent.hr<br\\\/>\\r\\n<br\\\/>\\r\\nPorts serviced: Dubrovnik, Kor\\u010dula, Vela Luka\",\"location\":{\"icon\":\"http:\\\/\\\/www.jadroagent.hr\\\/hr\\\/wp-content\\\/uploads\\\/2017\\\/02\\\/ja-icon.png\",\"lat\":\"42.6477041\",\"lng\":\"18.094237099999987\",\"city\":\"Dubrovnik\",\"state\":\"Dubrova\\u010dko-neretvanska \\u017eupanija\",\"country\":\"Croatia\",\"onclick_action\":\"marker\",\"redirect_custom_link\":\"\",\"marker_image\":\"\",\"open_new_tab\":\"yes\",\"postal_code\":\"20000\",\"draggable\":false,\"infowindow_default_open\":false,\"animation\":\"BOUNCE\",\"infowindow_disable\":true,\"zoom\":5,\"extra_fields\":\"\"},\"categories\":[{\"id\":\"1\",\"name\":\"Branch Offices\",\"type\":\"category\",\"extension_fields\":false,\"icon\":\"http:\\\/\\\/www.jadroagent.hr\\\/hr\\\/wp-content\\\/uploads\\\/2017\\\/02\\\/ja-icon.png\"}],\"custom_filters\":\"\"},{\"id\":\"3\",\"title\":\"Plo\\u010de\",\"address\":\"Trg kralja Tomislava 20, Plo\\u010de, Croatia\",\"source\":\"manual\",\"content\":\"<strong>Plo\\u010de<\\\/strong><br\\\/>\\r\\nTrg kralja Tomislava 20 (POB 5)<br\\\/>\\r\\nHR-20340 Ploce, Croatia<br\\\/>\\r\\n<br\\\/>\\r\\nMr. Zdenko Pa\\u017ein<br\\\/>\\r\\nGsm. +385 99 231 0511<br\\\/>\\r\\nTel. +385 20 676 255<br\\\/>\\r\\nAOH 679-853<br\\\/>\\r\\nFax. +385 20 670-130, +385 20 679 118<br\\\/>\\r\\n<br\\\/>\\r\\nploce@jadroagent.hr<br\\\/>\\r\\n<br\\\/>\\r\\nPorts serviced: Plo\\u010de, Metkovi\\u0107\",\"location\":{\"icon\":\"http:\\\/\\\/www.jadroagent.hr\\\/hr\\\/wp-content\\\/uploads\\\/2017\\\/02\\\/ja-icon.png\",\"lat\":\"43.0488511\",\"lng\":\"17.43246620000002\",\"city\":\"Plo\\u010de\",\"state\":\"Dubrova\\u010dko-neretvanska \\u017eupanija\",\"country\":\"Croatia\",\"onclick_action\":\"marker\",\"redirect_custom_link\":\"\",\"marker_image\":\"\",\"open_new_tab\":\"yes\",\"postal_code\":\"20340\",\"draggable\":false,\"infowindow_default_open\":false,\"animation\":\"BOUNCE\",\"infowindow_disable\":true,\"zoom\":5,\"extra_fields\":\"\"},\"categories\":[{\"id\":\"1\",\"name\":\"Branch Offices\",\"type\":\"category\",\"extension_fields\":false,\"icon\":\"http:\\\/\\\/www.jadroagent.hr\\\/hr\\\/wp-content\\\/uploads\\\/2017\\\/02\\\/ja-icon.png\"}],\"custom_filters\":\"\"},{\"id\":\"4\",\"title\":\"Pula\",\"address\":\"Riva 14, Pula, Croatia\",\"source\":\"manual\",\"content\":\"<strong>Pula<\\\/strong><br\\\/>\\r\\nRiva 14 (POB 57)<br\\\/>\\r\\nHR-52100 Pula, Croatia<br\\\/>\\r\\n<br\\\/>\\r\\nMr. Aleksandar Bur\\u0161i\\u0107<br\\\/>\\r\\nGsm. +385 91 110 0321<br\\\/>\\r\\nTel. +385 52 210 431, +385 52 211 878<br\\\/>\\r\\nAOH 573-275<br\\\/>\\r\\nFax. +385 52 211 799<br\\\/>\\r\\n<br\\\/>\\r\\npula@jadroagent.hr<br\\\/>\\r\\n<br\\\/>\\r\\nPorts serviced: Pula, Rovinj, Umag\",\"location\":{\"icon\":\"http:\\\/\\\/www.jadroagent.hr\\\/hr\\\/wp-content\\\/uploads\\\/2017\\\/02\\\/ja-icon.png\",\"lat\":\"44.8724702\",\"lng\":\"13.845915800000057\",\"city\":\"Pula\",\"state\":\"Istarska \\u017eupanija\",\"country\":\"Croatia\",\"onclick_action\":\"marker\",\"redirect_custom_link\":\"\",\"marker_image\":\"\",\"open_new_tab\":\"yes\",\"postal_code\":\"52100\",\"draggable\":false,\"infowindow_default_open\":false,\"animation\":\"BOUNCE\",\"infowindow_disable\":true,\"zoom\":5,\"extra_fields\":\"\"},\"categories\":[{\"id\":\"1\",\"name\":\"Branch Offices\",\"type\":\"category\",\"extension_fields\":false,\"icon\":\"http:\\\/\\\/www.jadroagent.hr\\\/hr\\\/wp-content\\\/uploads\\\/2017\\\/02\\\/ja-icon.png\"}],\"custom_filters\":\"\"},{\"id\":\"5\",\"title\":\"Ra\\u0161a\",\"address\":\"Br\\u0161ica luka 4A\",\"source\":\"manual\",\"content\":\"<strong>Ra\\u0161a<\\\/strong><br\\\/>\\r\\nBr\\u0161ica luka 4A<br\\\/>\\r\\nHR-52224 Trget, Croatia<br\\\/>\\r\\n<br\\\/>\\r\\nMr. Marin Cetina<br\\\/>\\r\\nGsm. +385 99 815 3765<br\\\/>\\r\\nTel. +385 52 875 006<br\\\/>\\r\\nAOH 857-934<br\\\/>\\r\\nFax. +385 52 875 106<br\\\/>\\r\\n<br\\\/>\\r\\nrasa@jadroagent.hr<br\\\/>\\r\\n<br\\\/>\\r\\nPorts serviced: Ra\\u0161a, Koroma\\u010dno, Plomin\",\"location\":{\"icon\":\"http:\\\/\\\/www.jadroagent.hr\\\/hr\\\/wp-content\\\/uploads\\\/2017\\\/02\\\/ja-icon.png\",\"lat\":\"45.021564\",\"lng\":\"14.055894\",\"city\":\"Trget\",\"state\":\"Istarska \\u017eupanija\",\"country\":\"Croatia\",\"onclick_action\":\"marker\",\"redirect_custom_link\":\"\",\"marker_image\":\"\",\"open_new_tab\":\"yes\",\"postal_code\":\"\",\"draggable\":false,\"infowindow_default_open\":false,\"animation\":\"BOUNCE\",\"infowindow_disable\":true,\"zoom\":5,\"extra_fields\":\"\"},\"categories\":[{\"id\":\"1\",\"name\":\"Branch Offices\",\"type\":\"category\",\"extension_fields\":false,\"icon\":\"http:\\\/\\\/www.jadroagent.hr\\\/hr\\\/wp-content\\\/uploads\\\/2017\\\/02\\\/ja-icon.png\"}],\"custom_filters\":\"\"},{\"id\":\"6\",\"title\":\"Split\",\"address\":\"Kopilica ulica 47b, Split, Croatia\",\"source\":\"manual\",\"content\":\"<strong>Split<\\\/strong><br\\\/>\\r\\nKopilica 47B (POB 166)<br\\\/>\\r\\nHR-21000 Split, Croatia<br\\\/>\\r\\n<br\\\/>\\r\\nMr. Marin Pa\\u017ein<br\\\/>\\r\\nGsm. +385 99 607 6925<br\\\/>\\r\\nTel. +385 21 460 928<br\\\/>\\r\\nAOH 485-465<br\\\/>\\r\\nFax. +385 21 460 848<br\\\/>\\r\\n<br\\\/>\\r\\nsplit@jadroagent.hr<br\\\/>\\r\\n<br\\\/>\\r\\nPorts serviced: Split, Hvar\",\"location\":{\"icon\":\"http:\\\/\\\/www.jadroagent.hr\\\/hr\\\/wp-content\\\/uploads\\\/2017\\\/02\\\/ja-icon.png\",\"lat\":\"43.5253533\",\"lng\":\"16.4608451\",\"city\":\"Split\",\"state\":\"Splitsko-dalmatinska \\u017eupanija\",\"country\":\"Croatia\",\"onclick_action\":\"marker\",\"redirect_custom_link\":\"\",\"marker_image\":\"\",\"open_new_tab\":\"yes\",\"postal_code\":\"21000\",\"draggable\":false,\"infowindow_default_open\":false,\"animation\":\"BOUNCE\",\"infowindow_disable\":true,\"zoom\":5,\"extra_fields\":\"\"},\"categories\":[{\"id\":\"1\",\"name\":\"Branch Offices\",\"type\":\"category\",\"extension_fields\":false,\"icon\":\"http:\\\/\\\/www.jadroagent.hr\\\/hr\\\/wp-content\\\/uploads\\\/2017\\\/02\\\/ja-icon.png\"}],\"custom_filters\":\"\"},{\"id\":\"7\",\"title\":\"\\u0160ibenik\",\"address\":\"Ulica Fra Jerolima Milete 8, \\u0160ibenik, Croatia\",\"source\":\"manual\",\"content\":\"<strong>\\u0160ibenik<\\\/strong><br\\\/>\\r\\nFra Jerolima Milete 8<br\\\/>\\r\\nHR-22000 \\u0160ibenik, Croatia<br\\\/>\\r\\n<br\\\/>\\r\\nMrs. Ankica Milo\\u0161evi\\u0107 Bilu\\u0161i\\u0107<br\\\/>\\r\\nGsm. +385 98 257 328<br\\\/>\\r\\nTel. +385 22 212 570, +385 22 212 789<br\\\/>\\r\\nFax. +385 22 212 682<br\\\/>\\r\\n<br\\\/>\\r\\nsibenik@jadroagent.hr<br\\\/>\\r\\n<br\\\/>\\r\\nPorts serviced: \\u0160ibenik\",\"location\":{\"icon\":\"http:\\\/\\\/www.jadroagent.hr\\\/hr\\\/wp-content\\\/uploads\\\/2017\\\/02\\\/ja-icon.png\",\"lat\":\"43.7318602\",\"lng\":\"15.896578800000043\",\"city\":\"\\u0160ibenik\",\"state\":\"\\u0160ibensko-kninska \\u017eupanija\",\"country\":\"Croatia\",\"onclick_action\":\"marker\",\"redirect_custom_link\":\"\",\"marker_image\":\"\",\"open_new_tab\":\"yes\",\"postal_code\":\"22000\",\"draggable\":false,\"infowindow_default_open\":false,\"animation\":\"BOUNCE\",\"infowindow_disable\":true,\"zoom\":5,\"extra_fields\":\"\"},\"categories\":[{\"id\":\"1\",\"name\":\"Branch Offices\",\"type\":\"category\",\"extension_fields\":false,\"icon\":\"http:\\\/\\\/www.jadroagent.hr\\\/hr\\\/wp-content\\\/uploads\\\/2017\\\/02\\\/ja-icon.png\"}],\"custom_filters\":\"\"},{\"id\":\"8\",\"title\":\"Zadar\",\"address\":\"Poljana Natka Nodila 1, Zadar, Croatia\",\"source\":\"manual\",\"content\":\"<strong>Zadar<\\\/strong><br\\\/>\\r\\nPoljana Natka Nodila 1<br\\\/>\\r\\nHR-23000 Zadar, Croatia<br\\\/>\\r\\n<br\\\/>\\r\\nMr. Sasa Kotrulja<br\\\/>\\r\\nGsm. +385 98 366 561<br\\\/>\\r\\nTel. +385 23 251 447. +385 23 251 452<br\\\/>\\r\\nFax. +385 23 250 647<br\\\/>\\r\\n<br\\\/>\\r\\nzadar@jadroagent.hr<br\\\/>\\r\\n<br\\\/>\\r\\nPorts serviced: Zadar\",\"location\":{\"icon\":\"http:\\\/\\\/www.jadroagent.hr\\\/hr\\\/wp-content\\\/uploads\\\/2017\\\/02\\\/ja-icon.png\",\"lat\":\"44.1173095\",\"lng\":\"15.225431800000024\",\"city\":\"Zadar\",\"state\":\"Zadarska \\u017eupanija\",\"country\":\"Croatia\",\"onclick_action\":\"marker\",\"redirect_custom_link\":\"\",\"marker_image\":\"\",\"open_new_tab\":\"yes\",\"postal_code\":\"23000\",\"draggable\":false,\"infowindow_default_open\":false,\"animation\":\"BOUNCE\",\"infowindow_disable\":true,\"zoom\":5,\"extra_fields\":\"\"},\"categories\":[{\"id\":\"1\",\"name\":\"Branch Offices\",\"type\":\"category\",\"extension_fields\":false,\"icon\":\"http:\\\/\\\/www.jadroagent.hr\\\/hr\\\/wp-content\\\/uploads\\\/2017\\\/02\\\/ja-icon.png\"}],\"custom_filters\":\"\"},{\"id\":\"9\",\"title\":\"Zagreb\",\"address\":\"Strojarska cesta 22, Zagreb, Croatia\",\"source\":\"manual\",\"content\":\"<strong>Zagreb<\\\/strong><br\\\/>\\r\\nStrojarska cesta 22 \\\/ XII kat (POB 359)<br\\\/>\\r\\nHR-10000 Zagreb, Croatia<br\\\/>\\r\\n<br\\\/>\\r\\nMr. Bojan Krbavcic<br\\\/>\\r\\nGsm. +385 99 300 2400<br\\\/>\\r\\nTel. +385 1 4677 652, +385 1 4677 462<br\\\/>\\r\\nAOH 211-009<br\\\/>\\r\\nFax. +385 1 4662 496, +385 1 4677 653<br\\\/>\\r\\n<br\\\/>\\r\\nchartering.zg@jadroagent.hr<br\\\/>\\r\\nskt.zagreb@jadroagent.hr<br\\\/>\",\"location\":{\"icon\":\"http:\\\/\\\/www.jadroagent.hr\\\/hr\\\/wp-content\\\/uploads\\\/2017\\\/02\\\/ja-icon.png\",\"lat\":\"45.803644\",\"lng\":\"15.989025800000036\",\"city\":\"Zagreb\",\"state\":\"City of Zagreb\",\"country\":\"Croatia\",\"onclick_action\":\"marker\",\"redirect_custom_link\":\"\",\"marker_image\":\"\",\"open_new_tab\":\"yes\",\"postal_code\":\"10000\",\"draggable\":false,\"infowindow_default_open\":false,\"animation\":\"BOUNCE\",\"infowindow_disable\":true,\"zoom\":5,\"extra_fields\":\"\"},\"categories\":[{\"id\":\"1\",\"name\":\"Branch Offices\",\"type\":\"category\",\"extension_fields\":false,\"icon\":\"http:\\\/\\\/www.jadroagent.hr\\\/hr\\\/wp-content\\\/uploads\\\/2017\\\/02\\\/ja-icon.png\"}],\"custom_filters\":\"\"}],\"styles\":\"\",\"listing\":\"\",\"map_property\":{\"map_id\":\"1\"}}).data(\"wpgmp_maps\");});<\/script>[\/vc_column_text][\/vc_column][\/vc_row][vc_row css=&#8221;.vc_custom_1477861576952{padding-top: 40px !important;padding-bottom: 40px !important;}&#8221;][vc_column width=&#8221;1\/3&#8243;][vc_column_text]<\/p>\n<h5>Pula<\/h5>\n<p>Riva 14 (POB 57)<br \/>\nHR-52100 Pula, Croatia<\/p>\n<p>Mr. Aleksandar Bur\u0161i\u0107<br \/>\nGsm. +385 91 110 0321<br \/>\nTel. +385 52 210 431, +385 52 211 878<br \/>\nAOH 573-275<br \/>\nFax. +385 52 211 799<\/p>\n<p><a href=\"mailto:pula@jadroagent.hr\">pula@jadroagent.hr<\/a><\/p>\n<p>Uklju\u010duju\u0107i luke: Pula, Rovinj, Umag[\/vc_column_text][\/vc_column][vc_column width=&#8221;1\/3&#8243;][vc_column_text]<\/p>\n<h5>Ra\u0161a<\/h5>\n<p>Br\u0161ica luka 4A<br \/>\nHR-52224 Trget, Croatia<\/p>\n<p>Mr. Marin Cetina<br \/>\nGsm. +385 99 815 3765<br \/>\nTel. +385 52 875 006<br \/>\nAOH 857-934<br \/>\nFax. +385 52 875 106<\/p>\n<p><a href=\"mailto:rasa@jadroagent.hr\">rasa@jadroagent.hr<\/a><\/p>\n<p>Uklju\u010duju\u0107i luke: Ra\u0161a, Koroma\u010dno, Plomin[\/vc_column_text][\/vc_column][vc_column width=&#8221;1\/3&#8243;][vc_column_text]<\/p>\n<h5>Rijeka<\/h5>\n<p>Trg Ivana Koblera 2 (POB 120)<br \/>\nHR-51000 Rijeka, Croatia<\/p>\n<p>Mr. Maroje Mustapi\u0107<br \/>\nGsm. +385 99 465 0010<br \/>\nTel. +385 51 212 466<br \/>\nAOH 211-009<br \/>\nFax. +385 51 212 466<\/p>\n<p><a href=\"mailto:tramp@jadroagent.hr\">tramp@jadroagent.hr<\/a><\/p>\n<p>Uklju\u010duju\u0107i luke: Rijeka, Omi\u0161alj, Rab, Senj[\/vc_column_text][\/vc_column][\/vc_row][vc_row full_width=&#8221;stretch_row&#8221; css=&#8221;.vc_custom_1477861586395{padding-top: 40px !important;padding-bottom: 40px !important;background-color: #f4f4f4 !important;}&#8221;][vc_column width=&#8221;1\/3&#8243;][vc_column_text]<\/p>\n<h5>Zadar<\/h5>\n<p>Poljana Natka Nodila\u00a01<br \/>\nHR-23000 Zadar, Croatia<\/p>\n<p>Mr. Sa\u0161a Kotrulja<br \/>\nGsm. +385 98 366 561<br \/>\nTel. +385 23 251 447. +385 23 251 452<br \/>\nFax. +385 23 250 647<\/p>\n<p><a href=\"mailto:zadar@jadroagent.hr\">zadar@jadroagent.hr<\/a><\/p>\n<p>Uklju\u010duju\u0107i luke: Zadar[\/vc_column_text][\/vc_column][vc_column width=&#8221;1\/3&#8243;][vc_column_text]<\/p>\n<h5>\u0160ibenik<\/h5>\n<p>Fra Jerolima Milete 8<br \/>\nHR-22000 \u0160ibenik, Croatia<\/p>\n<p>Mrs. Ankica Milo\u0161evi\u0107 Bilu\u0161i\u0107<br \/>\nGsm. +385 98 257 328<br \/>\nTel. +385 22 212 570, +385 22 212 789<br \/>\nFax. +385 22 212 682<\/p>\n<p><a href=\"mailto:sibenik@jadroagent.hr\">sibenik@jadroagent.hr<\/a><\/p>\n<p>Uklju\u010duju\u0107i luke: \u0160ibenik[\/vc_column_text][\/vc_column][vc_column width=&#8221;1\/3&#8243;][vc_column_text]<\/p>\n<h5>Split<\/h5>\n<p>Kopilica 47B<br \/>\nHR-21000 Split, Croatia<\/p>\n<p>Mr. Marin Pa\u017ein<br \/>\nGsm. +385 99 607 6925<br \/>\nTel. +385 21 460 928<br \/>\nAOH 485-465<br \/>\nFax. +385 21 460 848<\/p>\n<p><a href=\"mailto:split@jadroagent.hr\">split@jadroagent.hr<\/a><\/p>\n<p>Uklju\u010duju\u0107i luke: Split, Hvar[\/vc_column_text][\/vc_column][\/vc_row][vc_row css=&#8221;.vc_custom_1477861743766{padding-top: 40px !important;}&#8221;][vc_column width=&#8221;1\/3&#8243;][vc_column_text]<\/p>\n<h5>Plo\u010de<\/h5>\n<p>Trg kralja Tomislava 20 (POB 5)<br \/>\nHR-20340 Ploce, Croatia<\/p>\n<p>Mr. Zdenko Pa\u017ein<br \/>\nGsm. +385 99 231 0511<br \/>\nTel. +385 20 676 255<br \/>\nFax. +385 20 670-130, +385 20 679 118<\/p>\n<p><a href=\"mailto:ploce@jadroagent.hr\">ploce@jadroagent.hr<\/a><\/p>\n<p>Uklju\u010duju\u0107i luke: Plo\u010de, Metkovi\u0107[\/vc_column_text][\/vc_column][vc_column width=&#8221;1\/3&#8243;][vc_column_text]<\/p>\n<h5>Dubrovnik<\/h5>\n<p>Ante Star\u010devi\u0107a 24<br \/>\nHR-20000 Dubrovnik, Croatia<\/p>\n<p>Capt. Frano Pitarevi\u0107<br \/>\nGsm. +385 98 344605<br \/>\nTel. +385 20 419 009, 419 000<br \/>\nAOH 421-999<br \/>\nFax. +385 20 419 029<\/p>\n<p><a href=\"mailto:dubrovnik@jadroagent.hr\">dubrovnik@jadroagent.hr<\/a><\/p>\n<p>Uklju\u010duju\u0107i luke: Dubrovnik, Kor\u010dula, Vela Luka[\/vc_column_text][\/vc_column][vc_column width=&#8221;1\/3&#8243;][vc_column_text]<\/p>\n<h5>Zagreb<\/h5>\n<p>Strojarska cesta 22 \/ XII kat (POB 359)<br \/>\nHR-10000 Zagreb, Croatia<\/p>\n<p>Mr. Bojan Krbav\u010di\u0107<br \/>\nGsm. +385 99 300 2400<br \/>\nTel. +385 1 4677 652, +385 1 4677 462<br \/>\nAOH 211-009<br \/>\nFax. +385 1 4662 496, +385 1 4677 653<\/p>\n<p><a href=\"mailto:chartering.zg@jadroagent.hr\">chartering.zg@jadroagent.hr<\/a><br \/>\n<a href=\"mailto:skt.zagreb@jadroagent.hr\">skt.zagreb@jadroagent.hr<\/a>[\/vc_column_text][\/vc_column][\/vc_row]<\/p>\n","protected":false},"excerpt":{"rendered":"<p>[vc_row full_width=&#8221;stretch_row_content_no_spaces&#8221; css=&#8221;.vc_custom_1477861534132{padding-bottom: 60px !important;}&#8221;][vc_column][vc_column_text][\/vc_column_text][\/vc_column][\/vc_row][vc_row css=&#8221;.vc_custom_1477861576952{padding-top: 40px !important;padding-bottom: 40px !important;}&#8221;][vc_column width=&#8221;1\/3&#8243;][vc_column_text] Pula Riva 14 (POB 57) HR-52100 Pula, Croatia Mr. Aleksandar Bur\u0161i\u0107 Gsm. +385 91 110 0321 Tel. +385 52 210 431, +385&#8230;<\/p>\n","protected":false},"author":3,"featured_media":0,"parent":0,"menu_order":0,"comment_status":"closed","ping_status":"closed","template":"","meta":[],"_links":{"self":[{"href":"http:\/\/www.jadroagent.hr\/hr\/wp-json\/wp\/v2\/pages\/1493"}],"collection":[{"href":"http:\/\/www.jadroagent.hr\/hr\/wp-json\/wp\/v2\/pages"}],"about":[{"href":"http:\/\/www.jadroagent.hr\/hr\/wp-json\/wp\/v2\/types\/page"}],"author":[{"embeddable":true,"href":"http:\/\/www.jadroagent.hr\/hr\/wp-json\/wp\/v2\/users\/3"}],"replies":[{"embeddable":true,"href":"http:\/\/www.jadroagent.hr\/hr\/wp-json\/wp\/v2\/comments?post=1493"}],"version-history":[{"count":30,"href":"http:\/\/www.jadroagent.hr\/hr\/wp-json\/wp\/v2\/pages\/1493\/revisions"}],"predecessor-version":[{"id":2946,"href":"http:\/\/www.jadroagent.hr\/hr\/wp-json\/wp\/v2\/pages\/1493\/revisions\/2946"}],"wp:attachment":[{"href":"http:\/\/www.jadroagent.hr\/hr\/wp-json\/wp\/v2\/media?parent=1493"}],"curies":[{"name":"wp","href":"https:\/\/api.w.org\/{rel}","templated":true}]}}